{"id":39469,"date":"2026-01-27T18:32:38","date_gmt":"2026-01-27T18:32:38","guid":{"rendered":"https:\/\/www.deporteseli.com\/?product=top-champion-116827"},"modified":"2026-03-07T05:33:50","modified_gmt":"2026-03-07T05:33:50","slug":"top-champion-116827","status":"publish","type":"product","link":"https:\/\/www.deporteseli.com\/?product=top-champion-116827","title":{"rendered":"TOP CHAMPION 116827"},"content":{"rendered":"<p>F\u00e1cil de llevar y rebosante de confort, este top sujetador de mujer elevar\u00e1 tu vestuario deportivo. Se completa con un detalle de logotipo de texto.  Logotipo de texto  Tejido suave y el\u00e1stico que te aporta libertad y confort adicional  Espalda nadadora  Impacto ligero  Tejido de secado r\u00e1pido  Tratamiento antimicrobiano  Poli\u00e9ster el\u00e1stico compacto  84 % poli\u00e9ster, 16 % elastano  Corte atl\u00e9tico                                                                                                                                                                                                                                                                                                                                                                                                                                                                                                                                                                                                                                                                                                                                                                                                                                                                                                                                                                                                                                        <\/p>\n","protected":false},"excerpt":{"rendered":"<p>TOP CHAMPION 116827<\/p>\n","protected":false},"featured_media":53654,"template":"","meta":[],"product_brand":[],"product_cat":[275],"product_tag":[51],"class_list":{"0":"post-39469","1":"product","2":"type-product","3":"status-publish","4":"has-post-thumbnail","6":"product_cat-mujer_textil_top","7":"product_tag-champion","8":"pa_color-unico","9":"pa_talla-l","10":"pa_talla-s","11":"thunk-woo-product-list","12":"opn-qv-enable","13":"open-woo-hover-","14":"open-single-product-tab-horizontal","15":"open-shadow-","16":"open-shadow-hover-","18":"first","19":"instock","20":"shipping-taxable","21":"purchasable","22":"product-type-variable"},"jetpack_sharing_enabled":true,"_links":{"self":[{"href":"https:\/\/www.deporteseli.com\/index.php?rest_route=\/wp\/v2\/product\/39469","targetHints":{"allow":["GET"]}}],"collection":[{"href":"https:\/\/www.deporteseli.com\/index.php?rest_route=\/wp\/v2\/product"}],"about":[{"href":"https:\/\/www.deporteseli.com\/index.php?rest_route=\/wp\/v2\/types\/product"}],"wp:featuredmedia":[{"embeddable":true,"href":"https:\/\/www.deporteseli.com\/index.php?rest_route=\/wp\/v2\/media\/53654"}],"wp:attachment":[{"href":"https:\/\/www.deporteseli.com\/index.php?rest_route=%2Fwp%2Fv2%2Fmedia&parent=39469"}],"wp:term":[{"taxonomy":"product_brand","embeddable":true,"href":"https:\/\/www.deporteseli.com\/index.php?rest_route=%2Fwp%2Fv2%2Fproduct_brand&post=39469"},{"taxonomy":"product_cat","embeddable":true,"href":"https:\/\/www.deporteseli.com\/index.php?rest_route=%2Fwp%2Fv2%2Fproduct_cat&post=39469"},{"taxonomy":"product_tag","embeddable":true,"href":"https:\/\/www.deporteseli.com\/index.php?rest_route=%2Fwp%2Fv2%2Fproduct_tag&post=39469"}],"curies":[{"name":"wp","href":"https:\/\/api.w.org\/{rel}","templated":true}]}}