{"id":39466,"date":"2026-01-27T18:32:35","date_gmt":"2026-01-27T18:32:35","guid":{"rendered":"https:\/\/www.deporteseli.com\/?product=pantalon-champion-116795"},"modified":"2026-03-07T05:33:47","modified_gmt":"2026-03-07T05:33:47","slug":"pantalon-champion-116795","status":"publish","type":"product","link":"https:\/\/www.deporteseli.com\/?product=pantalon-champion-116795","title":{"rendered":"PANTAL\u00f3N CHAMPION 116795"},"content":{"rendered":"<p>F\u00e1ciles de llevar y rebosantes de confort, estos leggings de mujer elevar\u00e1n tu vestuario deportivo. Se completan con un detalle de logotipo de texto.  Logotipo de texto peque\u00f1o  Licra de algod\u00f3n de 230 g\/m\u00b2  90 % algod\u00f3n, 10 % elastano  Corte atl\u00e9tico                                                                                                                                                                                                                                                                                                                                                                                                                                                                                                                                                                                                                                                                                                                                                                                                                                                                                                                                                                                                                                        <\/p>\n","protected":false},"excerpt":{"rendered":"<p>PANTAL\u00f3N CHAMPION 116795<\/p>\n","protected":false},"featured_media":53652,"template":"","meta":[],"product_brand":[],"product_cat":[281],"product_tag":[51],"class_list":{"0":"post-39466","1":"product","2":"type-product","3":"status-publish","4":"has-post-thumbnail","6":"product_cat-mujer_textil_mallas","7":"product_tag-champion","8":"pa_color-unico","9":"pa_talla-l","10":"pa_talla-m","11":"thunk-woo-product-list","12":"opn-qv-enable","13":"open-woo-hover-","14":"open-single-product-tab-horizontal","15":"open-shadow-","16":"open-shadow-hover-","18":"first","19":"instock","20":"shipping-taxable","21":"purchasable","22":"product-type-variable"},"jetpack_sharing_enabled":true,"_links":{"self":[{"href":"https:\/\/www.deporteseli.com\/index.php?rest_route=\/wp\/v2\/product\/39466","targetHints":{"allow":["GET"]}}],"collection":[{"href":"https:\/\/www.deporteseli.com\/index.php?rest_route=\/wp\/v2\/product"}],"about":[{"href":"https:\/\/www.deporteseli.com\/index.php?rest_route=\/wp\/v2\/types\/product"}],"wp:featuredmedia":[{"embeddable":true,"href":"https:\/\/www.deporteseli.com\/index.php?rest_route=\/wp\/v2\/media\/53652"}],"wp:attachment":[{"href":"https:\/\/www.deporteseli.com\/index.php?rest_route=%2Fwp%2Fv2%2Fmedia&parent=39466"}],"wp:term":[{"taxonomy":"product_brand","embeddable":true,"href":"https:\/\/www.deporteseli.com\/index.php?rest_route=%2Fwp%2Fv2%2Fproduct_brand&post=39466"},{"taxonomy":"product_cat","embeddable":true,"href":"https:\/\/www.deporteseli.com\/index.php?rest_route=%2Fwp%2Fv2%2Fproduct_cat&post=39466"},{"taxonomy":"product_tag","embeddable":true,"href":"https:\/\/www.deporteseli.com\/index.php?rest_route=%2Fwp%2Fv2%2Fproduct_tag&post=39466"}],"curies":[{"name":"wp","href":"https:\/\/api.w.org\/{rel}","templated":true}]}}