{"id":39447,"date":"2026-01-27T18:32:10","date_gmt":"2026-01-27T18:32:10","guid":{"rendered":"https:\/\/www.deporteseli.com\/?product=sudadera-champion-116579"},"modified":"2026-03-07T05:33:30","modified_gmt":"2026-03-07T05:33:30","slug":"sudadera-champion-116579","status":"publish","type":"product","link":"https:\/\/www.deporteseli.com\/?product=sudadera-champion-116579","title":{"rendered":"SUDADERA CHAMPION 116579"},"content":{"rendered":"<p>Sencilla, vers\u00e1til y lista para derrochar estilo en cualquier atuendo. Esta sudadera de mujer con capucha presenta nuestro caracter\u00edstico logotipo en la parte delantera y est\u00e1 rematada con un parche de logotipo en C bordado.  116579_KK001  Logotipo de texto grande bordado  Parche de logotipo en C bordado  Felpa perchada Power Blend de 260 g\/m\u00b2  54 % algod\u00f3n, 46 % poli\u00e9ster  Corte est\u00e1ndar                                                                                                                                                                                                                                                                                                                                                                                                                                                                                                                                                                                                                                                                                                                                                                                                                                                                                                                                                                                                                                        <\/p>\n","protected":false},"excerpt":{"rendered":"<p>SUDADERA CHAMPION 116579<\/p>\n","protected":false},"featured_media":53646,"template":"","meta":[],"product_brand":[],"product_cat":[279],"product_tag":[51],"class_list":{"0":"post-39447","1":"product","2":"type-product","3":"status-publish","4":"has-post-thumbnail","6":"product_cat-mujer_textil_sudaderas","7":"product_tag-champion","8":"pa_color-unico","9":"pa_talla-m","10":"pa_talla-s","11":"pa_talla-xl","12":"thunk-woo-product-list","13":"opn-qv-enable","14":"open-woo-hover-","15":"open-single-product-tab-horizontal","16":"open-shadow-","17":"open-shadow-hover-","19":"first","20":"instock","21":"shipping-taxable","22":"purchasable","23":"product-type-variable"},"jetpack_sharing_enabled":true,"_links":{"self":[{"href":"https:\/\/www.deporteseli.com\/index.php?rest_route=\/wp\/v2\/product\/39447","targetHints":{"allow":["GET"]}}],"collection":[{"href":"https:\/\/www.deporteseli.com\/index.php?rest_route=\/wp\/v2\/product"}],"about":[{"href":"https:\/\/www.deporteseli.com\/index.php?rest_route=\/wp\/v2\/types\/product"}],"wp:featuredmedia":[{"embeddable":true,"href":"https:\/\/www.deporteseli.com\/index.php?rest_route=\/wp\/v2\/media\/53646"}],"wp:attachment":[{"href":"https:\/\/www.deporteseli.com\/index.php?rest_route=%2Fwp%2Fv2%2Fmedia&parent=39447"}],"wp:term":[{"taxonomy":"product_brand","embeddable":true,"href":"https:\/\/www.deporteseli.com\/index.php?rest_route=%2Fwp%2Fv2%2Fproduct_brand&post=39447"},{"taxonomy":"product_cat","embeddable":true,"href":"https:\/\/www.deporteseli.com\/index.php?rest_route=%2Fwp%2Fv2%2Fproduct_cat&post=39447"},{"taxonomy":"product_tag","embeddable":true,"href":"https:\/\/www.deporteseli.com\/index.php?rest_route=%2Fwp%2Fv2%2Fproduct_tag&post=39447"}],"curies":[{"name":"wp","href":"https:\/\/api.w.org\/{rel}","templated":true}]}}