{"id":39445,"date":"2026-01-27T18:32:08","date_gmt":"2026-01-27T18:32:08","guid":{"rendered":"https:\/\/www.deporteseli.com\/?product=camisa-champion-116578"},"modified":"2026-03-07T05:33:26","modified_gmt":"2026-03-07T05:33:26","slug":"camisa-champion-116578","status":"publish","type":"product","link":"https:\/\/www.deporteseli.com\/?product=camisa-champion-116578","title":{"rendered":"CAMISA CHAMPION 116578"},"content":{"rendered":"<p>Sencilla, vers\u00e1til y lista para derrochar estilo en cualquier atuendo. Esta camiseta de mujer presenta nuestro caracter\u00edstico logotipo en la parte delantera y est\u00e1 rematada con un parche de logotipo en C bordado.  116578_VS005  Estampado de logotipo de texto grande  Detalle de logotipo en C bordado  Tejido de punto de algod\u00f3n ligero de 150 g\/m\u00b2  100 % algod\u00f3n  Corte est\u00e1ndar                                                                                                                                                                                                                                                                                                                                                                                                                                                                                                                                                                                                                                                                                                                                                                                                                                                                                                                                                                                                                                        <\/p>\n","protected":false},"excerpt":{"rendered":"<p>CAMISA CHAMPION 116578<\/p>\n","protected":false},"featured_media":53645,"template":"","meta":[],"product_brand":[],"product_cat":[269],"product_tag":[51],"class_list":{"0":"post-39445","1":"product","2":"type-product","3":"status-publish","4":"has-post-thumbnail","6":"product_cat-mujer_textil_camisetas","7":"product_tag-champion","8":"pa_color-unico","9":"pa_talla-m","10":"thunk-woo-product-list","11":"opn-qv-enable","12":"open-woo-hover-","13":"open-single-product-tab-horizontal","14":"open-shadow-","15":"open-shadow-hover-","17":"first","18":"instock","19":"shipping-taxable","20":"purchasable","21":"product-type-variable"},"jetpack_sharing_enabled":true,"_links":{"self":[{"href":"https:\/\/www.deporteseli.com\/index.php?rest_route=\/wp\/v2\/product\/39445","targetHints":{"allow":["GET"]}}],"collection":[{"href":"https:\/\/www.deporteseli.com\/index.php?rest_route=\/wp\/v2\/product"}],"about":[{"href":"https:\/\/www.deporteseli.com\/index.php?rest_route=\/wp\/v2\/types\/product"}],"wp:featuredmedia":[{"embeddable":true,"href":"https:\/\/www.deporteseli.com\/index.php?rest_route=\/wp\/v2\/media\/53645"}],"wp:attachment":[{"href":"https:\/\/www.deporteseli.com\/index.php?rest_route=%2Fwp%2Fv2%2Fmedia&parent=39445"}],"wp:term":[{"taxonomy":"product_brand","embeddable":true,"href":"https:\/\/www.deporteseli.com\/index.php?rest_route=%2Fwp%2Fv2%2Fproduct_brand&post=39445"},{"taxonomy":"product_cat","embeddable":true,"href":"https:\/\/www.deporteseli.com\/index.php?rest_route=%2Fwp%2Fv2%2Fproduct_cat&post=39445"},{"taxonomy":"product_tag","embeddable":true,"href":"https:\/\/www.deporteseli.com\/index.php?rest_route=%2Fwp%2Fv2%2Fproduct_tag&post=39445"}],"curies":[{"name":"wp","href":"https:\/\/api.w.org\/{rel}","templated":true}]}}