{"id":39441,"date":"2026-01-27T18:32:03","date_gmt":"2026-01-27T18:32:03","guid":{"rendered":"https:\/\/www.deporteseli.com\/?product=camiseta-essentials-linear-logo-cotton"},"modified":"2026-03-07T05:33:24","modified_gmt":"2026-03-07T05:33:24","slug":"camiseta-essentials-linear-logo-cotton","status":"publish","type":"product","link":"https:\/\/www.deporteseli.com\/?product=camiseta-essentials-linear-logo-cotton","title":{"rendered":"CAMISETA ESSENTIALS LINEAR LOGO COTTON"},"content":{"rendered":"<p>PURO ESTILO ADIDAS  Una prenda todoterreno. Esta camiseta adidas se ha confeccionado en algod\u00f3n y luce un corte entallado que se adapta a tu silueta. Presenta un dise\u00f1o pensado para j\u00f3venes imparables que puedes combinar con un pantal\u00f3n de felpa y unas zapatillas para lucir un look informal.    Nuestros productos de algod\u00f3n se han fabricado de forma sostenible.  Corte entallado  Cuello redondo de canal\u00e9  Punto 100% algod\u00f3n  Producto creado en colaboraci\u00f3n con Better Cotton  Color del art\u00edculo: Clear Pink \/ White  N\u00famero de art\u00edculo: IC3152                                                                                                                                                                                                                                                                                                                                                                                                                                                                                                                                                                                                                                                                                                                                                                                                                                                                                                                                                                                                                                        <\/p>\n","protected":false},"excerpt":{"rendered":"<p>CAMISETA ESSENTIALS LINEAR LOGO COTTON<\/p>\n","protected":false},"featured_media":53643,"template":"","meta":[],"product_brand":[],"product_cat":[376],"product_tag":[18],"class_list":{"0":"post-39441","1":"product","2":"type-product","3":"status-publish","4":"has-post-thumbnail","6":"product_cat-ninas_textil_camisetas","7":"product_tag-adidas","8":"pa_color-unico","9":"pa_talla-t-12","10":"pa_talla-t-14","11":"pa_talla-t-16","12":"thunk-woo-product-list","13":"opn-qv-enable","14":"open-woo-hover-","15":"open-single-product-tab-horizontal","16":"open-shadow-","17":"open-shadow-hover-","19":"first","20":"instock","21":"shipping-taxable","22":"purchasable","23":"product-type-variable"},"jetpack_sharing_enabled":true,"_links":{"self":[{"href":"https:\/\/www.deporteseli.com\/index.php?rest_route=\/wp\/v2\/product\/39441","targetHints":{"allow":["GET"]}}],"collection":[{"href":"https:\/\/www.deporteseli.com\/index.php?rest_route=\/wp\/v2\/product"}],"about":[{"href":"https:\/\/www.deporteseli.com\/index.php?rest_route=\/wp\/v2\/types\/product"}],"wp:featuredmedia":[{"embeddable":true,"href":"https:\/\/www.deporteseli.com\/index.php?rest_route=\/wp\/v2\/media\/53643"}],"wp:attachment":[{"href":"https:\/\/www.deporteseli.com\/index.php?rest_route=%2Fwp%2Fv2%2Fmedia&parent=39441"}],"wp:term":[{"taxonomy":"product_brand","embeddable":true,"href":"https:\/\/www.deporteseli.com\/index.php?rest_route=%2Fwp%2Fv2%2Fproduct_brand&post=39441"},{"taxonomy":"product_cat","embeddable":true,"href":"https:\/\/www.deporteseli.com\/index.php?rest_route=%2Fwp%2Fv2%2Fproduct_cat&post=39441"},{"taxonomy":"product_tag","embeddable":true,"href":"https:\/\/www.deporteseli.com\/index.php?rest_route=%2Fwp%2Fv2%2Fproduct_tag&post=39441"}],"curies":[{"name":"wp","href":"https:\/\/api.w.org\/{rel}","templated":true}]}}