{"id":39433,"date":"2026-01-27T18:31:53","date_gmt":"2026-01-27T18:31:53","guid":{"rendered":"https:\/\/www.deporteseli.com\/?product=fc-barcelona-baby-kit-home-2023-24"},"modified":"2026-01-27T18:31:55","modified_gmt":"2026-01-27T18:31:55","slug":"fc-barcelona-baby-kit-home-2023-24","status":"publish","type":"product","link":"https:\/\/www.deporteseli.com\/?product=fc-barcelona-baby-kit-home-2023-24","title":{"rendered":"FC BARCELONA BABY KIT HOME 2023\/24"},"content":{"rendered":"<p>Dise\u00f1o en color azulgrana con tres franjas.    Escudo del club y logo de la marca estampados.    Incluye camiseta, short y medias.  Tejido de poli\u00e9ster que incorpora la tecnolog\u00eda Dri-Fit que te mantiene fresco y seco durante la actividad f\u00edsica                                                                                                                                                                                                                                                                                                                                                                                                                                                                                                                                                                                                                                                                                                                                                                                                                                                                                                                                                                                                                                        <\/p>\n","protected":false},"excerpt":{"rendered":"<p>FC BARCELONA BABY KIT HOME 2023\/24<\/p>\n","protected":false},"featured_media":53638,"template":"","meta":[],"product_brand":[],"product_cat":[297],"product_tag":[37],"class_list":{"0":"post-39433","1":"product","2":"type-product","3":"status-publish","4":"has-post-thumbnail","6":"product_cat-nino_textil_conjuntos","7":"product_tag-nike","8":"pa_color-unico","9":"pa_talla-18-meses","10":"thunk-woo-product-list","11":"opn-qv-enable","12":"open-woo-hover-","13":"open-single-product-tab-horizontal","14":"open-shadow-","15":"open-shadow-hover-","17":"first","18":"instock","19":"sale","20":"shipping-taxable","21":"purchasable","22":"product-type-variable"},"jetpack_sharing_enabled":true,"_links":{"self":[{"href":"https:\/\/www.deporteseli.com\/index.php?rest_route=\/wp\/v2\/product\/39433","targetHints":{"allow":["GET"]}}],"collection":[{"href":"https:\/\/www.deporteseli.com\/index.php?rest_route=\/wp\/v2\/product"}],"about":[{"href":"https:\/\/www.deporteseli.com\/index.php?rest_route=\/wp\/v2\/types\/product"}],"wp:featuredmedia":[{"embeddable":true,"href":"https:\/\/www.deporteseli.com\/index.php?rest_route=\/wp\/v2\/media\/53638"}],"wp:attachment":[{"href":"https:\/\/www.deporteseli.com\/index.php?rest_route=%2Fwp%2Fv2%2Fmedia&parent=39433"}],"wp:term":[{"taxonomy":"product_brand","embeddable":true,"href":"https:\/\/www.deporteseli.com\/index.php?rest_route=%2Fwp%2Fv2%2Fproduct_brand&post=39433"},{"taxonomy":"product_cat","embeddable":true,"href":"https:\/\/www.deporteseli.com\/index.php?rest_route=%2Fwp%2Fv2%2Fproduct_cat&post=39433"},{"taxonomy":"product_tag","embeddable":true,"href":"https:\/\/www.deporteseli.com\/index.php?rest_route=%2Fwp%2Fv2%2Fproduct_tag&post=39433"}],"curies":[{"name":"wp","href":"https:\/\/api.w.org\/{rel}","templated":true}]}}