{"id":39431,"date":"2026-01-27T18:31:51","date_gmt":"2026-01-27T18:31:51","guid":{"rendered":"https:\/\/www.deporteseli.com\/?product=nike-tiempo-jr-legend-10-club-fg-mg"},"modified":"2026-01-27T18:31:52","modified_gmt":"2026-01-27T18:31:52","slug":"nike-tiempo-jr-legend-10-club-fg-mg","status":"publish","type":"product","link":"https:\/\/www.deporteseli.com\/?product=nike-tiempo-jr-legend-10-club-fg-mg","title":{"rendered":"NIKE TIEMPO JR LEGEND 10 CLUB FG\/MG"},"content":{"rendered":"<p>C\u00f3digo de producto:  DV4352-100  Fabricante:  Nike  Sexo:  ni\u00f1os  Colecci\u00f3n:  Nike Ready Pack  Sustentabilidad:  Este producto ha sido elaborado como sostenible respetando el Medio Ambiente  Tipo de zapatillas:  Terreno Firme (FG), C\u00e9sped Artificial (AG)  Modelo:  Nike Tiempo Legend  Deporte:  F\u00fatbol  Colecci\u00f3n de botas de f\u00fatbol:  Club  Tipo de bota:  Piel  Color:  blanco                                                                                                                                                                                                                                                                                                                                                                                                                                                                                                                                                                                                                                                                                                                                                                                                                                                                                                                                                                                                                                        <\/p>\n","protected":false},"excerpt":{"rendered":"<p>NIKE TIEMPO JR LEGEND 10 CLUB FG\/MG<\/p>\n","protected":false},"featured_media":53636,"template":"","meta":[],"product_brand":[],"product_cat":[318],"product_tag":[37],"class_list":{"0":"post-39431","1":"product","2":"type-product","3":"status-publish","4":"has-post-thumbnail","6":"product_cat-deportes_futbol_botas","7":"product_tag-nike","8":"pa_color-unico","9":"pa_talla-145","10":"thunk-woo-product-list","11":"opn-qv-enable","12":"open-woo-hover-","13":"open-single-product-tab-horizontal","14":"open-shadow-","15":"open-shadow-hover-","17":"first","18":"instock","19":"sale","20":"shipping-taxable","21":"purchasable","22":"product-type-variable"},"jetpack_sharing_enabled":true,"_links":{"self":[{"href":"https:\/\/www.deporteseli.com\/index.php?rest_route=\/wp\/v2\/product\/39431","targetHints":{"allow":["GET"]}}],"collection":[{"href":"https:\/\/www.deporteseli.com\/index.php?rest_route=\/wp\/v2\/product"}],"about":[{"href":"https:\/\/www.deporteseli.com\/index.php?rest_route=\/wp\/v2\/types\/product"}],"wp:featuredmedia":[{"embeddable":true,"href":"https:\/\/www.deporteseli.com\/index.php?rest_route=\/wp\/v2\/media\/53636"}],"wp:attachment":[{"href":"https:\/\/www.deporteseli.com\/index.php?rest_route=%2Fwp%2Fv2%2Fmedia&parent=39431"}],"wp:term":[{"taxonomy":"product_brand","embeddable":true,"href":"https:\/\/www.deporteseli.com\/index.php?rest_route=%2Fwp%2Fv2%2Fproduct_brand&post=39431"},{"taxonomy":"product_cat","embeddable":true,"href":"https:\/\/www.deporteseli.com\/index.php?rest_route=%2Fwp%2Fv2%2Fproduct_cat&post=39431"},{"taxonomy":"product_tag","embeddable":true,"href":"https:\/\/www.deporteseli.com\/index.php?rest_route=%2Fwp%2Fv2%2Fproduct_tag&post=39431"}],"curies":[{"name":"wp","href":"https:\/\/api.w.org\/{rel}","templated":true}]}}