{"id":39427,"date":"2026-01-27T18:31:46","date_gmt":"2026-01-27T18:31:46","guid":{"rendered":"https:\/\/www.deporteseli.com\/?product=solution-swift-ff-clay"},"modified":"2026-03-17T05:18:16","modified_gmt":"2026-03-17T05:18:16","slug":"solution-swift-ff-clay","status":"publish","type":"product","link":"https:\/\/www.deporteseli.com\/?product=solution-swift-ff-clay","title":{"rendered":"SOLUTION SWIFT\u2122 FF CLAY"},"content":{"rendered":"<p>Descripci\u00f3n  La zapatilla SOLUTION SWIFT\u2122 FF Clay ha sido dise\u00f1ada para jugadores de toda la pista que cubren la red y la l\u00ednea de fondo. Cuenta con un dise\u00f1o de suela flexible que es muy pr\u00e1ctico para los movimientos multidireccionales.    La entresuela de esta zapatilla est\u00e1 confeccionada con amortiguaci\u00f3n FLYTEFOAM\u2122. Se trata de una espuma ligera y resistente que aumenta la absorci\u00f3n de impactos.    Adem\u00e1s, la unidad de sujeci\u00f3n TWISTRUSS\u2122 del mediopi\u00e9 te ayuda a experimentar cortes r\u00e1pidos y seguros en la pista.    La suela de la zapatilla reproduce el dise\u00f1o de la suela de la zapatilla SOLUTION SPEED\u2122 FF 2. Est\u00e1 formada por un patr\u00f3n de surcos verticales para mejorar la tracci\u00f3n en la pista.                                                                                                                                                                                                                                                                                                                                                                                                                                                                                                                                                                                                                                                                                                                                                                                                                                                                                                                                                                                                                                        <\/p>\n","protected":false},"excerpt":{"rendered":"<p>SOLUTION SWIFT\u2122 FF CLAY<\/p>\n","protected":false},"featured_media":53631,"template":"","meta":[],"product_brand":[],"product_cat":[371],"product_tag":[19],"class_list":{"0":"post-39427","1":"product","2":"type-product","3":"status-publish","4":"has-post-thumbnail","6":"product_cat-padel_y_tenis_calzado","7":"product_tag-asics","8":"pa_color-unico","9":"pa_talla-141","10":"pa_talla-145","11":"pa_talla-41-5","12":"thunk-woo-product-list","13":"opn-qv-enable","14":"open-woo-hover-","15":"open-single-product-tab-horizontal","16":"open-shadow-","17":"open-shadow-hover-","19":"first","20":"instock","21":"sale","22":"shipping-taxable","23":"purchasable","24":"product-type-variable"},"jetpack_sharing_enabled":true,"_links":{"self":[{"href":"https:\/\/www.deporteseli.com\/index.php?rest_route=\/wp\/v2\/product\/39427","targetHints":{"allow":["GET"]}}],"collection":[{"href":"https:\/\/www.deporteseli.com\/index.php?rest_route=\/wp\/v2\/product"}],"about":[{"href":"https:\/\/www.deporteseli.com\/index.php?rest_route=\/wp\/v2\/types\/product"}],"wp:featuredmedia":[{"embeddable":true,"href":"https:\/\/www.deporteseli.com\/index.php?rest_route=\/wp\/v2\/media\/53631"}],"wp:attachment":[{"href":"https:\/\/www.deporteseli.com\/index.php?rest_route=%2Fwp%2Fv2%2Fmedia&parent=39427"}],"wp:term":[{"taxonomy":"product_brand","embeddable":true,"href":"https:\/\/www.deporteseli.com\/index.php?rest_route=%2Fwp%2Fv2%2Fproduct_brand&post=39427"},{"taxonomy":"product_cat","embeddable":true,"href":"https:\/\/www.deporteseli.com\/index.php?rest_route=%2Fwp%2Fv2%2Fproduct_cat&post=39427"},{"taxonomy":"product_tag","embeddable":true,"href":"https:\/\/www.deporteseli.com\/index.php?rest_route=%2Fwp%2Fv2%2Fproduct_tag&post=39427"}],"curies":[{"name":"wp","href":"https:\/\/api.w.org\/{rel}","templated":true}]}}