{"id":39418,"date":"2026-01-27T18:31:30","date_gmt":"2026-01-27T18:31:30","guid":{"rendered":"https:\/\/www.deporteseli.com\/?product=gorra-daily-2"},"modified":"2026-01-27T18:31:38","modified_gmt":"2026-01-27T18:31:38","slug":"gorra-daily-2","status":"publish","type":"product","link":"https:\/\/www.deporteseli.com\/?product=gorra-daily-2","title":{"rendered":"GORRA DAILY"},"content":{"rendered":"<p>Exterior: sarga 100% algod\u00f3n  Forro: capa intermedia 100% poli\u00e9ster reciclado  Cinta interior para el sudor: punto doble 100% poli\u00e9ster reciclado  Corona y visera con curvatura media  Estructura de seis paneles  Cierre ajustable en la nuca  Color del art\u00edculo: Black \/ White \/ White  N\u00famero de art\u00edculo: ic9708                                                                                                                                                                                                                                                                                                                                                                                                                                                                                                                                                                                                                                                                                                                                                                                                                                                                                                                                                                                                                                        <\/p>\n","protected":false},"excerpt":{"rendered":"<p>GORRA DAILY<\/p>\n","protected":false},"featured_media":53620,"template":"","meta":[],"product_brand":[],"product_cat":[399],"product_tag":[18],"class_list":{"0":"post-39418","1":"product","2":"type-product","3":"status-publish","4":"has-post-thumbnail","6":"product_cat-accesorios_gorras","7":"product_tag-adidas","8":"pa_color-unico","9":"pa_talla-l","10":"pa_talla-m","11":"pa_talla-s","12":"pa_talla-xs","13":"thunk-woo-product-list","14":"opn-qv-enable","15":"open-woo-hover-","16":"open-single-product-tab-horizontal","17":"open-shadow-","18":"open-shadow-hover-","20":"first","21":"instock","22":"shipping-taxable","23":"purchasable","24":"product-type-variable"},"jetpack_sharing_enabled":true,"_links":{"self":[{"href":"https:\/\/www.deporteseli.com\/index.php?rest_route=\/wp\/v2\/product\/39418","targetHints":{"allow":["GET"]}}],"collection":[{"href":"https:\/\/www.deporteseli.com\/index.php?rest_route=\/wp\/v2\/product"}],"about":[{"href":"https:\/\/www.deporteseli.com\/index.php?rest_route=\/wp\/v2\/types\/product"}],"wp:featuredmedia":[{"embeddable":true,"href":"https:\/\/www.deporteseli.com\/index.php?rest_route=\/wp\/v2\/media\/53620"}],"wp:attachment":[{"href":"https:\/\/www.deporteseli.com\/index.php?rest_route=%2Fwp%2Fv2%2Fmedia&parent=39418"}],"wp:term":[{"taxonomy":"product_brand","embeddable":true,"href":"https:\/\/www.deporteseli.com\/index.php?rest_route=%2Fwp%2Fv2%2Fproduct_brand&post=39418"},{"taxonomy":"product_cat","embeddable":true,"href":"https:\/\/www.deporteseli.com\/index.php?rest_route=%2Fwp%2Fv2%2Fproduct_cat&post=39418"},{"taxonomy":"product_tag","embeddable":true,"href":"https:\/\/www.deporteseli.com\/index.php?rest_route=%2Fwp%2Fv2%2Fproduct_tag&post=39418"}],"curies":[{"name":"wp","href":"https:\/\/api.w.org\/{rel}","templated":true}]}}