{"id":39405,"date":"2026-01-27T18:31:05","date_gmt":"2026-01-27T18:31:05","guid":{"rendered":"https:\/\/www.deporteseli.com\/?product=nike-tiempo-legend-10-club-tf"},"modified":"2026-01-27T18:31:09","modified_gmt":"2026-01-27T18:31:09","slug":"nike-tiempo-legend-10-club-tf","status":"publish","type":"product","link":"https:\/\/www.deporteseli.com\/?product=nike-tiempo-legend-10-club-tf","title":{"rendered":"NIKE TIEMPO LEGEND 10 CLUB TF"},"content":{"rendered":"<p>Incluso las Legend encuentran formas de evolucionar. Tanto si se empieza el deporte como si solo se juega por diversi\u00f3n, esta \u00faltima versi\u00f3n de las zapatillas Club son perfectas para salir al campo sin sacrificar la calidad. La piel sint\u00e9tica se adapta a la forma del pie y evita el exceso de elasticidad para un mejor control. Las Legend 10 cuentan con un dise\u00f1o m\u00e1s ligero y elegante que cualquier otras Tiempo hasta la fecha, por lo que son perfectas para cualquier posici\u00f3n en el campo, ya sea para clavar un pase al hueco o para frenar un contraataque.      TOQUE MEJORADO    La piel sint\u00e9tica moldeada imita la sensaci\u00f3n acolchada para mejorar el toque.      Ajuste natural y adaptable    La piel sint\u00e9tica se adapta a la forma del pie y ofrece un mejor control y mantiene la comodidad durante el partido.      Tracci\u00f3n para las superficies de moqueta &#8211; Turf    El patr\u00f3n de la suela exterior proporciona tracci\u00f3n sobre moqueta &#8211; Turf.      Detalles del producto    Para superficies sint\u00e9ticas de tama\u00f1o reducido  Suela interior amortiguada  Color mostrado: Negro\/Hyper Royal\/Chrome  Modelo: DV4355-040                                                                                                                                                                                                                                                                                                                                                                                                                                                                                                                                                                                                                                                                                                                                                                                                                                                                                                                                                                                                                                        <\/p>\n","protected":false},"excerpt":{"rendered":"<p>NIKE TIEMPO LEGEND 10 CLUB TF<\/p>\n","protected":false},"featured_media":53609,"template":"","meta":[],"product_brand":[],"product_cat":[318],"product_tag":[37],"class_list":{"0":"post-39405","1":"product","2":"type-product","3":"status-publish","4":"has-post-thumbnail","6":"product_cat-deportes_futbol_botas","7":"product_tag-nike","8":"pa_color-unico","9":"pa_talla-36-5","10":"thunk-woo-product-list","11":"opn-qv-enable","12":"open-woo-hover-","13":"open-single-product-tab-horizontal","14":"open-shadow-","15":"open-shadow-hover-","17":"first","18":"instock","19":"sale","20":"shipping-taxable","21":"purchasable","22":"product-type-variable"},"jetpack_sharing_enabled":true,"_links":{"self":[{"href":"https:\/\/www.deporteseli.com\/index.php?rest_route=\/wp\/v2\/product\/39405","targetHints":{"allow":["GET"]}}],"collection":[{"href":"https:\/\/www.deporteseli.com\/index.php?rest_route=\/wp\/v2\/product"}],"about":[{"href":"https:\/\/www.deporteseli.com\/index.php?rest_route=\/wp\/v2\/types\/product"}],"wp:featuredmedia":[{"embeddable":true,"href":"https:\/\/www.deporteseli.com\/index.php?rest_route=\/wp\/v2\/media\/53609"}],"wp:attachment":[{"href":"https:\/\/www.deporteseli.com\/index.php?rest_route=%2Fwp%2Fv2%2Fmedia&parent=39405"}],"wp:term":[{"taxonomy":"product_brand","embeddable":true,"href":"https:\/\/www.deporteseli.com\/index.php?rest_route=%2Fwp%2Fv2%2Fproduct_brand&post=39405"},{"taxonomy":"product_cat","embeddable":true,"href":"https:\/\/www.deporteseli.com\/index.php?rest_route=%2Fwp%2Fv2%2Fproduct_cat&post=39405"},{"taxonomy":"product_tag","embeddable":true,"href":"https:\/\/www.deporteseli.com\/index.php?rest_route=%2Fwp%2Fv2%2Fproduct_tag&post=39405"}],"curies":[{"name":"wp","href":"https:\/\/api.w.org\/{rel}","templated":true}]}}