{"id":39403,"date":"2026-01-27T18:31:01","date_gmt":"2026-01-27T18:31:01","guid":{"rendered":"https:\/\/www.deporteseli.com\/?product=conjunto-deportivo-para-bebe-minicats"},"modified":"2026-03-07T05:33:07","modified_gmt":"2026-03-07T05:33:07","slug":"conjunto-deportivo-para-bebe-minicats","status":"publish","type":"product","link":"https:\/\/www.deporteseli.com\/?product=conjunto-deportivo-para-bebe-minicats","title":{"rendered":"CONJUNTO DEPORTIVO PARA BEB\u00e9 MINICATS"},"content":{"rendered":"<p>HISTORIA DEL PRODUCTO  Este bonito ch\u00e1ndal ofrece un look urbano perfecto en miniatura. Dise\u00f1ada para la generaci\u00f3n m\u00e1s joven de fans de PUMA, esta combinaci\u00f3n de dos piezas presenta pu\u00f1os y dobladillo de canal\u00e9 con bloques de color contempor\u00e1neos y elegantes mangas ragl\u00e1n, junto con la marca PUMA destacada en el pecho. Tanto la parte de arriba como la de abajo est\u00e1n confeccionadas con una mezcla de algod\u00f3n supersuave de la Better Cotton Initiative, que promueve un cultivo de algod\u00f3n m\u00e1s sostenible en todo el mundo.  Acanalado: 96% Algod\u00f3n, 4% Elastano  Exterior: 68% Algod\u00f3n, 32% Poli\u00e9ster                                                                                                                                                                                                                                                                                                                                                                                                                                                                                                                                                                                                                                                                                                                                                                                                                                                                                                                                                                                                                                        <\/p>\n","protected":false},"excerpt":{"rendered":"<p>CONJUNTO DEPORTIVO PARA BEB\u00e9 MINICATS<\/p>\n","protected":false},"featured_media":53608,"template":"","meta":[],"product_brand":[],"product_cat":[380],"product_tag":[32],"class_list":{"0":"post-39403","1":"product","2":"type-product","3":"status-publish","4":"has-post-thumbnail","6":"product_cat-ninas_textil_chandals","7":"product_tag-puma","8":"pa_color-unico","9":"pa_talla-167","10":"thunk-woo-product-list","11":"opn-qv-enable","12":"open-woo-hover-","13":"open-single-product-tab-horizontal","14":"open-shadow-","15":"open-shadow-hover-","17":"first","18":"instock","19":"shipping-taxable","20":"purchasable","21":"product-type-variable"},"jetpack_sharing_enabled":true,"_links":{"self":[{"href":"https:\/\/www.deporteseli.com\/index.php?rest_route=\/wp\/v2\/product\/39403","targetHints":{"allow":["GET"]}}],"collection":[{"href":"https:\/\/www.deporteseli.com\/index.php?rest_route=\/wp\/v2\/product"}],"about":[{"href":"https:\/\/www.deporteseli.com\/index.php?rest_route=\/wp\/v2\/types\/product"}],"wp:featuredmedia":[{"embeddable":true,"href":"https:\/\/www.deporteseli.com\/index.php?rest_route=\/wp\/v2\/media\/53608"}],"wp:attachment":[{"href":"https:\/\/www.deporteseli.com\/index.php?rest_route=%2Fwp%2Fv2%2Fmedia&parent=39403"}],"wp:term":[{"taxonomy":"product_brand","embeddable":true,"href":"https:\/\/www.deporteseli.com\/index.php?rest_route=%2Fwp%2Fv2%2Fproduct_brand&post=39403"},{"taxonomy":"product_cat","embeddable":true,"href":"https:\/\/www.deporteseli.com\/index.php?rest_route=%2Fwp%2Fv2%2Fproduct_cat&post=39403"},{"taxonomy":"product_tag","embeddable":true,"href":"https:\/\/www.deporteseli.com\/index.php?rest_route=%2Fwp%2Fv2%2Fproduct_tag&post=39403"}],"curies":[{"name":"wp","href":"https:\/\/api.w.org\/{rel}","templated":true}]}}