{"id":39401,"date":"2026-01-27T18:30:58","date_gmt":"2026-01-27T18:30:58","guid":{"rendered":"https:\/\/www.deporteseli.com\/?product=espinilleras-adidas-x-sg-ia0843"},"modified":"2026-01-27T18:31:00","modified_gmt":"2026-01-27T18:31:00","slug":"espinilleras-adidas-x-sg-ia0843","status":"publish","type":"product","link":"https:\/\/www.deporteseli.com\/?product=espinilleras-adidas-x-sg-ia0843","title":{"rendered":"ESPINILLERAS ADIDAS X SG IA0843"},"content":{"rendered":"<p>Descripci\u00f3n del producto  Estas espinilleras de f\u00fatbol forman parte de la colecci\u00f3n adidas X creada para que te muevas a la velocidad de la luz. Su dise\u00f1o ligero con perfil asim\u00e9trico garantiza un ajuste perfecto y las medias de compresi\u00f3n el\u00e1sticas evitan que se desplacen. El refuerzo interior perforado favorece la ventilaci\u00f3n y absorbe los impactos. Este producto se ha fabricado con material reciclado proveniente de retales, restos y residuos dom\u00e9sticos para evitar un mayor impacto medioambiental y la producci\u00f3n de materiales v\u00edrgenes. Placa: 100% resina moldeada por inyecci\u00f3n. Media: tejido t\u00e9cnico 86% poli\u00e9ster reciclado \/ 14% goma. Refuerzo interior acolchado de EVA. Incluyen medias de compresi\u00f3n. No usar lej\u00eda. No usar secadora. No lavar en seco. No planchar. Lavar a mano en agua fr\u00eda. No secar sobre el radiador.                                                                                                                                                                                                                                                                                                                                                                                                                                                                                                                                                                                                                                                                                                                                                                                                                                                                                                                                                                                                                                        <\/p>\n","protected":false},"excerpt":{"rendered":"<p>ESPINILLERAS ADIDAS X SG IA0843<\/p>\n","protected":false},"featured_media":53607,"template":"","meta":[],"product_brand":[],"product_cat":[324],"product_tag":[18],"class_list":{"0":"post-39401","1":"product","2":"type-product","3":"status-publish","4":"has-post-thumbnail","6":"product_cat-deportes_futbol_canilleras","7":"product_tag-adidas","8":"pa_color-unico","9":"pa_talla-l","10":"thunk-woo-product-list","11":"opn-qv-enable","12":"open-woo-hover-","13":"open-single-product-tab-horizontal","14":"open-shadow-","15":"open-shadow-hover-","17":"first","18":"instock","19":"shipping-taxable","20":"purchasable","21":"product-type-variable"},"jetpack_sharing_enabled":true,"_links":{"self":[{"href":"https:\/\/www.deporteseli.com\/index.php?rest_route=\/wp\/v2\/product\/39401","targetHints":{"allow":["GET"]}}],"collection":[{"href":"https:\/\/www.deporteseli.com\/index.php?rest_route=\/wp\/v2\/product"}],"about":[{"href":"https:\/\/www.deporteseli.com\/index.php?rest_route=\/wp\/v2\/types\/product"}],"wp:featuredmedia":[{"embeddable":true,"href":"https:\/\/www.deporteseli.com\/index.php?rest_route=\/wp\/v2\/media\/53607"}],"wp:attachment":[{"href":"https:\/\/www.deporteseli.com\/index.php?rest_route=%2Fwp%2Fv2%2Fmedia&parent=39401"}],"wp:term":[{"taxonomy":"product_brand","embeddable":true,"href":"https:\/\/www.deporteseli.com\/index.php?rest_route=%2Fwp%2Fv2%2Fproduct_brand&post=39401"},{"taxonomy":"product_cat","embeddable":true,"href":"https:\/\/www.deporteseli.com\/index.php?rest_route=%2Fwp%2Fv2%2Fproduct_cat&post=39401"},{"taxonomy":"product_tag","embeddable":true,"href":"https:\/\/www.deporteseli.com\/index.php?rest_route=%2Fwp%2Fv2%2Fproduct_tag&post=39401"}],"curies":[{"name":"wp","href":"https:\/\/api.w.org\/{rel}","templated":true}]}}