{"id":39397,"date":"2026-01-27T18:30:52","date_gmt":"2026-01-27T18:30:52","guid":{"rendered":"https:\/\/www.deporteseli.com\/?product=calcetines-cortos-cushioned-2"},"modified":"2026-02-26T05:18:22","modified_gmt":"2026-02-26T05:18:22","slug":"calcetines-cortos-cushioned-2","status":"publish","type":"product","link":"https:\/\/www.deporteseli.com\/?product=calcetines-cortos-cushioned-2","title":{"rendered":"CALCETINES CORTOS CUSHIONED"},"content":{"rendered":"<p>CONFORT Y ESTILO PARA TUS PIES  Estos calcetines tobilleros lucen un logotipo discreto como muestra del legado de adidas. Se han confeccionado en una mezcla de algod\u00f3n y tejido t\u00e9cnico que te ofrece una comodidad total de la ma\u00f1ana a la noche. El refuerzo acolchado en el tal\u00f3n y la puntera aporta sujeci\u00f3n y amortiguaci\u00f3n y las costuras anat\u00f3micas en la puntera ayudan a prevenir rozaduras.    Este producto contiene al menos un 50% de materiales reciclados y renovables.      Detalles  Largo hasta el tobillo  62% algod\u00f3n \/ 34% poli\u00e9ster reciclado \/ 3% elast\u00e1n \/ 1% nailon reciclado  Tres pares por paquete  Refuerzo en el arco plantar  Amortiguaci\u00f3n en la planta, el tal\u00f3n y la puntera                                                                                                                                                                                                                                                                                                                                                                                                                                                                                                                                                                                                                                                                                                                                                                                                                                                                                                                                                                                                                                        <\/p>\n","protected":false},"excerpt":{"rendered":"<p>CALCETINES CORTOS CUSHIONED<\/p>\n","protected":false},"featured_media":53606,"template":"","meta":[],"product_brand":[],"product_cat":[400],"product_tag":[18],"class_list":{"0":"post-39397","1":"product","2":"type-product","3":"status-publish","4":"has-post-thumbnail","6":"product_cat-accesorios_calcetines","7":"product_tag-adidas","8":"pa_color-unico","9":"pa_talla-l","10":"pa_talla-m","11":"pa_talla-t-14","12":"thunk-woo-product-list","13":"opn-qv-enable","14":"open-woo-hover-","15":"open-single-product-tab-horizontal","16":"open-shadow-","17":"open-shadow-hover-","19":"first","20":"instock","21":"shipping-taxable","22":"purchasable","23":"product-type-variable"},"jetpack_sharing_enabled":true,"_links":{"self":[{"href":"https:\/\/www.deporteseli.com\/index.php?rest_route=\/wp\/v2\/product\/39397","targetHints":{"allow":["GET"]}}],"collection":[{"href":"https:\/\/www.deporteseli.com\/index.php?rest_route=\/wp\/v2\/product"}],"about":[{"href":"https:\/\/www.deporteseli.com\/index.php?rest_route=\/wp\/v2\/types\/product"}],"wp:featuredmedia":[{"embeddable":true,"href":"https:\/\/www.deporteseli.com\/index.php?rest_route=\/wp\/v2\/media\/53606"}],"wp:attachment":[{"href":"https:\/\/www.deporteseli.com\/index.php?rest_route=%2Fwp%2Fv2%2Fmedia&parent=39397"}],"wp:term":[{"taxonomy":"product_brand","embeddable":true,"href":"https:\/\/www.deporteseli.com\/index.php?rest_route=%2Fwp%2Fv2%2Fproduct_brand&post=39397"},{"taxonomy":"product_cat","embeddable":true,"href":"https:\/\/www.deporteseli.com\/index.php?rest_route=%2Fwp%2Fv2%2Fproduct_cat&post=39397"},{"taxonomy":"product_tag","embeddable":true,"href":"https:\/\/www.deporteseli.com\/index.php?rest_route=%2Fwp%2Fv2%2Fproduct_tag&post=39397"}],"curies":[{"name":"wp","href":"https:\/\/api.w.org\/{rel}","templated":true}]}}