{"id":39388,"date":"2026-01-27T18:30:34","date_gmt":"2026-01-27T18:30:34","guid":{"rendered":"https:\/\/www.deporteseli.com\/?product=adidas-hoops-3-0"},"modified":"2026-03-28T05:19:00","modified_gmt":"2026-03-28T05:19:00","slug":"adidas-hoops-3-0","status":"publish","type":"product","link":"https:\/\/www.deporteseli.com\/?product=adidas-hoops-3-0","title":{"rendered":"ADIDAS HOOPS 3.0"},"content":{"rendered":"<p>El estilo de las canchas se adue\u00f1a del armario de tu peque. Esta zapatilla adidas adapta la sujeci\u00f3n y estabilidad del calzado de b\u00e1squet para su d\u00eda a d\u00eda. Presenta una ligera parte superior de piel sint\u00e9tica que le aporta un toque elegante sin a\u00f1adir peso innecesario a su pisada.Inspiraci\u00f3n deportiva para peques imparables.    COMPOSICI\u00d3N Y TECNOLOG\u00cdA    Horma cl\u00e1sica.  Cierre de cordones.  Parte superior de piel sint\u00e9tica.  Forro textil.  Mediasuela con amortiguaci\u00f3n para una pisada m\u00e1s c\u00f3moda.  Suela de goma.                                                                                                                                                                                                                                                                                                                                                                                                                                                                                                                                                                                                                                                                                                                                                                                                                                                                                                                                                                                                                                        <\/p>\n","protected":false},"excerpt":{"rendered":"<p>ADIDAS HOOPS 3.0<\/p>\n","protected":false},"featured_media":53601,"template":"","meta":[],"product_brand":[],"product_cat":[310],"product_tag":[18],"class_list":{"0":"post-39388","1":"product","2":"type-product","3":"status-publish","4":"has-post-thumbnail","6":"product_cat-nino_calzado_casual","7":"product_tag-adidas","8":"pa_color-unico","9":"pa_talla-36-5","10":"pa_talla-37-5","11":"pa_talla-145","12":"pa_talla-38-5","13":"pa_talla-149","14":"thunk-woo-product-list","15":"opn-qv-enable","16":"open-woo-hover-","17":"open-single-product-tab-horizontal","18":"open-shadow-","19":"open-shadow-hover-","21":"first","22":"instock","23":"sale","24":"shipping-taxable","25":"purchasable","26":"product-type-variable"},"jetpack_sharing_enabled":true,"_links":{"self":[{"href":"https:\/\/www.deporteseli.com\/index.php?rest_route=\/wp\/v2\/product\/39388","targetHints":{"allow":["GET"]}}],"collection":[{"href":"https:\/\/www.deporteseli.com\/index.php?rest_route=\/wp\/v2\/product"}],"about":[{"href":"https:\/\/www.deporteseli.com\/index.php?rest_route=\/wp\/v2\/types\/product"}],"wp:featuredmedia":[{"embeddable":true,"href":"https:\/\/www.deporteseli.com\/index.php?rest_route=\/wp\/v2\/media\/53601"}],"wp:attachment":[{"href":"https:\/\/www.deporteseli.com\/index.php?rest_route=%2Fwp%2Fv2%2Fmedia&parent=39388"}],"wp:term":[{"taxonomy":"product_brand","embeddable":true,"href":"https:\/\/www.deporteseli.com\/index.php?rest_route=%2Fwp%2Fv2%2Fproduct_brand&post=39388"},{"taxonomy":"product_cat","embeddable":true,"href":"https:\/\/www.deporteseli.com\/index.php?rest_route=%2Fwp%2Fv2%2Fproduct_cat&post=39388"},{"taxonomy":"product_tag","embeddable":true,"href":"https:\/\/www.deporteseli.com\/index.php?rest_route=%2Fwp%2Fv2%2Fproduct_tag&post=39388"}],"curies":[{"name":"wp","href":"https:\/\/api.w.org\/{rel}","templated":true}]}}