{"id":39367,"date":"2026-01-27T18:30:01","date_gmt":"2026-01-27T18:30:01","guid":{"rendered":"https:\/\/www.deporteseli.com\/?product=gorra-cotton-twill-baseball-3-bandas"},"modified":"2026-01-27T18:30:09","modified_gmt":"2026-01-27T18:30:09","slug":"gorra-cotton-twill-baseball-3-bandas","status":"publish","type":"product","link":"https:\/\/www.deporteseli.com\/?product=gorra-cotton-twill-baseball-3-bandas","title":{"rendered":"GORRA COTTON TWILL BASEBALL 3 BANDAS"},"content":{"rendered":"<p>EL ESTILO DEL B\u00c9ISBOL TOMA LAS CALLES  Dale un toque deportivo a tu estilo con un cl\u00e1sico actualizado. Esta gorra de b\u00e9isbol adidas luce las emblem\u00e1ticas 3 bandas en la visera. Se ha confeccionado en sarga de algod\u00f3n que te ofrece una gran comodidad durante todo el d\u00eda. El cierre regulable en la nuca te permite un ajuste a medida.    Colaboramos con Better Cotton para favorecer el cultivo del algod\u00f3n org\u00e1nico a nivel mundial. Better Cotton existe para mejorar las condiciones de quienes producen el algod\u00f3n, del medioambiente en el que se cultiva y el futuro del sector agr\u00edcola.    Better Cotton se obtiene a trav\u00e9s de un modelo de cadena de custodia llamado balance de masas. Esto significa que Better Cotton no es f\u00edsicamente rastreable a nivel de productos finales. Sin embargo, los agricultores de Better Cotton se benefician de la demanda de Better Cotton en vol\u00famenes equivalentes a los que utilizamos como marca.  Sarga 100% algod\u00f3n  Visera curvada  Cierre ajustable en la nuca  Producto creado en colaboraci\u00f3n con Better Cotton  Color del art\u00edculo: Legend Ink \/ White  N\u00famero de art\u00edculo: II3510                                                                                                                                                                                                                                                                                                                                                                                                                                                                                                                                                                                                                                                                                                                                                                                                                                                                                                                                                                                                                                        <\/p>\n","protected":false},"excerpt":{"rendered":"<p>GORRA COTTON TWILL BASEBALL 3 BANDAS<\/p>\n","protected":false},"featured_media":53586,"template":"","meta":[],"product_brand":[],"product_cat":[399],"product_tag":[18],"class_list":{"0":"post-39367","1":"product","2":"type-product","3":"status-publish","4":"has-post-thumbnail","6":"product_cat-accesorios_gorras","7":"product_tag-adidas","8":"pa_color-unico","9":"pa_talla-jr","10":"pa_talla-l","11":"pa_talla-s","12":"pa_talla-xs","13":"thunk-woo-product-list","14":"opn-qv-enable","15":"open-woo-hover-","16":"open-single-product-tab-horizontal","17":"open-shadow-","18":"open-shadow-hover-","20":"first","21":"instock","22":"shipping-taxable","23":"purchasable","24":"product-type-variable"},"jetpack_sharing_enabled":true,"_links":{"self":[{"href":"https:\/\/www.deporteseli.com\/index.php?rest_route=\/wp\/v2\/product\/39367","targetHints":{"allow":["GET"]}}],"collection":[{"href":"https:\/\/www.deporteseli.com\/index.php?rest_route=\/wp\/v2\/product"}],"about":[{"href":"https:\/\/www.deporteseli.com\/index.php?rest_route=\/wp\/v2\/types\/product"}],"wp:featuredmedia":[{"embeddable":true,"href":"https:\/\/www.deporteseli.com\/index.php?rest_route=\/wp\/v2\/media\/53586"}],"wp:attachment":[{"href":"https:\/\/www.deporteseli.com\/index.php?rest_route=%2Fwp%2Fv2%2Fmedia&parent=39367"}],"wp:term":[{"taxonomy":"product_brand","embeddable":true,"href":"https:\/\/www.deporteseli.com\/index.php?rest_route=%2Fwp%2Fv2%2Fproduct_brand&post=39367"},{"taxonomy":"product_cat","embeddable":true,"href":"https:\/\/www.deporteseli.com\/index.php?rest_route=%2Fwp%2Fv2%2Fproduct_cat&post=39367"},{"taxonomy":"product_tag","embeddable":true,"href":"https:\/\/www.deporteseli.com\/index.php?rest_route=%2Fwp%2Fv2%2Fproduct_tag&post=39367"}],"curies":[{"name":"wp","href":"https:\/\/api.w.org\/{rel}","templated":true}]}}