{"id":39358,"date":"2026-01-27T18:29:50","date_gmt":"2026-01-27T18:29:50","guid":{"rendered":"https:\/\/www.deporteseli.com\/?product=gorra-running-essentials-aeroready-six-panel"},"modified":"2026-02-27T05:17:41","modified_gmt":"2026-02-27T05:17:41","slug":"gorra-running-essentials-aeroready-six-panel","status":"publish","type":"product","link":"https:\/\/www.deporteseli.com\/?product=gorra-running-essentials-aeroready-six-panel","title":{"rendered":"GORRA RUNNING ESSENTIALS AEROREADY SIX-PANEL"},"content":{"rendered":"<p>RINDE AL M\u00c1XIMO BAJO EL SOL  Ya sea para entrenar en el parque o ir a por tu batido posentrenamiento, esta gorra de running adidas mantiene tu piel seca gracias a la tecnolog\u00eda transpirable AEROREADY. El cierre en la nuca te ofrece un ajuste que puedes regular a medida. Se ha confeccionado en un suave tejido de punto doble que resulta muy c\u00f3modo para correr, entrenar y hacer cualquier otra actividad en tu d\u00eda a d\u00eda.    Este producto se ha fabricado con diferentes materiales t\u00e9cnicos y contiene al menos un 40% de material reciclado. Su objetivo es plantear otra soluci\u00f3n m\u00e1s que ayude a eliminar los residuos pl\u00e1sticos.  Talla \u00fanica  Tejido t\u00e9cnico 100% poli\u00e9ster reciclado  Cinta transpirable para el sudor de la frente  AEROREADY  Visera curvada  Cierre ajustable en la nuca con hebilla met\u00e1lica  Estructura de seis paneles  Detalles reflectantes  Color del art\u00edculo: Black \/ Matte Silver  N\u00famero de art\u00edculo: HT6353                                                                                                                                                                                                                                                                                                                                                                                                                                                                                                                                                                                                                                                                                                                                                                                                                                                                                                                                                                                                                                        <\/p>\n","protected":false},"excerpt":{"rendered":"<p>GORRA RUNNING ESSENTIALS AEROREADY SIX-PANEL<\/p>\n","protected":false},"featured_media":53574,"template":"","meta":[],"product_brand":[],"product_cat":[399],"product_tag":[18],"class_list":{"0":"post-39358","1":"product","2":"type-product","3":"status-publish","4":"has-post-thumbnail","6":"product_cat-accesorios_gorras","7":"product_tag-adidas","8":"pa_color-unico","9":"pa_talla-m","10":"thunk-woo-product-list","11":"opn-qv-enable","12":"open-woo-hover-","13":"open-single-product-tab-horizontal","14":"open-shadow-","15":"open-shadow-hover-","17":"first","18":"instock","19":"shipping-taxable","20":"purchasable","21":"product-type-variable"},"jetpack_sharing_enabled":true,"_links":{"self":[{"href":"https:\/\/www.deporteseli.com\/index.php?rest_route=\/wp\/v2\/product\/39358","targetHints":{"allow":["GET"]}}],"collection":[{"href":"https:\/\/www.deporteseli.com\/index.php?rest_route=\/wp\/v2\/product"}],"about":[{"href":"https:\/\/www.deporteseli.com\/index.php?rest_route=\/wp\/v2\/types\/product"}],"wp:featuredmedia":[{"embeddable":true,"href":"https:\/\/www.deporteseli.com\/index.php?rest_route=\/wp\/v2\/media\/53574"}],"wp:attachment":[{"href":"https:\/\/www.deporteseli.com\/index.php?rest_route=%2Fwp%2Fv2%2Fmedia&parent=39358"}],"wp:term":[{"taxonomy":"product_brand","embeddable":true,"href":"https:\/\/www.deporteseli.com\/index.php?rest_route=%2Fwp%2Fv2%2Fproduct_brand&post=39358"},{"taxonomy":"product_cat","embeddable":true,"href":"https:\/\/www.deporteseli.com\/index.php?rest_route=%2Fwp%2Fv2%2Fproduct_cat&post=39358"},{"taxonomy":"product_tag","embeddable":true,"href":"https:\/\/www.deporteseli.com\/index.php?rest_route=%2Fwp%2Fv2%2Fproduct_tag&post=39358"}],"curies":[{"name":"wp","href":"https:\/\/api.w.org\/{rel}","templated":true}]}}