{"id":39355,"date":"2026-01-27T18:29:47","date_gmt":"2026-01-27T18:29:47","guid":{"rendered":"https:\/\/www.deporteseli.com\/?product=conjunto-adidas-junior-con-legging"},"modified":"2026-03-07T05:32:49","modified_gmt":"2026-03-07T05:32:49","slug":"conjunto-adidas-junior-con-legging","status":"publish","type":"product","link":"https:\/\/www.deporteseli.com\/?product=conjunto-adidas-junior-con-legging","title":{"rendered":"CONJUNTO ADIDAS JUNIOR CON LEGGING"},"content":{"rendered":"<p>Este conjunto adidas junior con legging es perfecto para todo tipo de actividades, y se convertir\u00e1 r\u00e1pidamente en la pieza central del armario de los ni\u00f1os. La sudadera polar con capucha court es f\u00e1cil de poner sobre una chaqueta sin mangas o un sujetador deportivo. Suave y el\u00e1stica, les acompa\u00f1ar\u00e1 a todas partes, desde el sof\u00e1 hasta el exterior.engage Las 3 rayas caracter\u00edsticas a\u00f1aden un toque din\u00e1mico a adidas. adidas se ha asociado con Better Cotton para mejorar las condiciones de producci\u00f3n del algod\u00f3n en todo el mundo. Better Cotton pretende que la producci\u00f3n mundial de algod\u00f3n sea mejor para los trabajadores, el medio ambiente y el futuro de la industria. Better Cotton utiliza un m\u00e9todo de trazabilidad denominado  Balance de Masas . Esto significa que el algod\u00f3n Better Cotton no es f\u00edsicamente trazable en los productos de finis. Sin embargo, los productores de Better Cotton se benefician de un volumen de demanda de Better Cotton equivalente al que necesitamos.    Parte superior de corte est\u00e1ndar y parte inferior de corte ajustado.  Top: dise\u00f1o con capucha.  Top: 70% algod\u00f3n, 30% vell\u00f3n de poli\u00e9ster reciclado.  Pantal\u00f3n: 93% algod\u00f3n, 7% elastano.  Parte inferior: cintura el\u00e1stica.                                                                                                                                                                                                                                                                                                                                                                                                                                                                                                                                                                                                                                                                                                                                                                                                                                                                                                                                                                                                                                        <\/p>\n","protected":false},"excerpt":{"rendered":"<p>CONJUNTO ADIDAS JUNIOR CON LEGGING<\/p>\n","protected":false},"featured_media":53571,"template":"","meta":[],"product_brand":[],"product_cat":[380],"product_tag":[18],"class_list":{"0":"post-39355","1":"product","2":"type-product","3":"status-publish","4":"has-post-thumbnail","6":"product_cat-ninas_textil_chandals","7":"product_tag-adidas","8":"pa_color-unico","9":"pa_talla-t-10","10":"pa_talla-t-12","11":"thunk-woo-product-list","12":"opn-qv-enable","13":"open-woo-hover-","14":"open-single-product-tab-horizontal","15":"open-shadow-","16":"open-shadow-hover-","18":"first","19":"instock","20":"shipping-taxable","21":"purchasable","22":"product-type-variable"},"jetpack_sharing_enabled":true,"_links":{"self":[{"href":"https:\/\/www.deporteseli.com\/index.php?rest_route=\/wp\/v2\/product\/39355","targetHints":{"allow":["GET"]}}],"collection":[{"href":"https:\/\/www.deporteseli.com\/index.php?rest_route=\/wp\/v2\/product"}],"about":[{"href":"https:\/\/www.deporteseli.com\/index.php?rest_route=\/wp\/v2\/types\/product"}],"wp:featuredmedia":[{"embeddable":true,"href":"https:\/\/www.deporteseli.com\/index.php?rest_route=\/wp\/v2\/media\/53571"}],"wp:attachment":[{"href":"https:\/\/www.deporteseli.com\/index.php?rest_route=%2Fwp%2Fv2%2Fmedia&parent=39355"}],"wp:term":[{"taxonomy":"product_brand","embeddable":true,"href":"https:\/\/www.deporteseli.com\/index.php?rest_route=%2Fwp%2Fv2%2Fproduct_brand&post=39355"},{"taxonomy":"product_cat","embeddable":true,"href":"https:\/\/www.deporteseli.com\/index.php?rest_route=%2Fwp%2Fv2%2Fproduct_cat&post=39355"},{"taxonomy":"product_tag","embeddable":true,"href":"https:\/\/www.deporteseli.com\/index.php?rest_route=%2Fwp%2Fv2%2Fproduct_tag&post=39355"}],"curies":[{"name":"wp","href":"https:\/\/api.w.org\/{rel}","templated":true}]}}