{"id":39352,"date":"2026-01-27T18:29:43","date_gmt":"2026-01-27T18:29:43","guid":{"rendered":"https:\/\/www.deporteseli.com\/?product=adidas-%c2%b7-chandal-de-sportwear"},"modified":"2026-03-07T05:32:45","modified_gmt":"2026-03-07T05:32:45","slug":"adidas-%c2%b7-chandal-de-sportwear","status":"publish","type":"product","link":"https:\/\/www.deporteseli.com\/?product=adidas-%c2%b7-chandal-de-sportwear","title":{"rendered":"ADIDAS \u00b7 CHANDAL DE SPORTWEAR"},"content":{"rendered":"<p>Pronto para tomar el primer lugar en su armario, este conjunto de leggings de adidas de Juniors es ideal para todo tipo de actividades. La sudadera con capucha de vell\u00f3n de la cosecha es f\u00e1cil de lanzar sobre un chaleco o sujetador deportivo. Las medias suaves y el\u00e1sticas son \u00fatiles, ya sea que est\u00e9s en el sof\u00e1 o saliendo por la puerta. Las firmas de 3 rayas agregan un toque de energ\u00eda adidas. Nos asociamos con mejor algod\u00f3n para mejorar el cultivo de algod\u00f3n a nivel mundial. Mejor algod\u00f3n hace que la producci\u00f3n global de algod\u00f3n sea mejor para las personas que la producen, mejor para el medio ambiente en el que crece y mejor para el futuro del sector. Mejor algod\u00f3n se obtiene a trav\u00e9s de un modelo de cadena de custodia llamado Balance de masa. Esto significa que un mejor algod\u00f3n no es f\u00edsicamente rastreable para terminar los productos. Sin embargo, los mejores agricultores de algod\u00f3n se benefician de la demanda de un mejor algod\u00f3n en vol\u00famenes equivalentes a aquellos que  fuente . Obtenga m\u00e1s informaci\u00f3n aqu\u00ed: bettercotton.org\/learnmore                                                                                                                                                                                                                                                                                                                                                                                                                                                                                                                                                                                                                                                                                                                                                                                                                                                                                                                                                                                                                                        <\/p>\n","protected":false},"excerpt":{"rendered":"<p>ADIDAS \u00b7 CHANDAL DE SPORTWEAR<\/p>\n","protected":false},"featured_media":53568,"template":"","meta":[],"product_brand":[],"product_cat":[380],"product_tag":[18],"class_list":{"0":"post-39352","1":"product","2":"type-product","3":"status-publish","4":"has-post-thumbnail","6":"product_cat-ninas_textil_chandals","7":"product_tag-adidas","8":"pa_color-unico","9":"pa_talla-t-12","10":"pa_talla-t-14","11":"thunk-woo-product-list","12":"opn-qv-enable","13":"open-woo-hover-","14":"open-single-product-tab-horizontal","15":"open-shadow-","16":"open-shadow-hover-","18":"first","19":"instock","20":"shipping-taxable","21":"purchasable","22":"product-type-variable"},"jetpack_sharing_enabled":true,"_links":{"self":[{"href":"https:\/\/www.deporteseli.com\/index.php?rest_route=\/wp\/v2\/product\/39352","targetHints":{"allow":["GET"]}}],"collection":[{"href":"https:\/\/www.deporteseli.com\/index.php?rest_route=\/wp\/v2\/product"}],"about":[{"href":"https:\/\/www.deporteseli.com\/index.php?rest_route=\/wp\/v2\/types\/product"}],"wp:featuredmedia":[{"embeddable":true,"href":"https:\/\/www.deporteseli.com\/index.php?rest_route=\/wp\/v2\/media\/53568"}],"wp:attachment":[{"href":"https:\/\/www.deporteseli.com\/index.php?rest_route=%2Fwp%2Fv2%2Fmedia&parent=39352"}],"wp:term":[{"taxonomy":"product_brand","embeddable":true,"href":"https:\/\/www.deporteseli.com\/index.php?rest_route=%2Fwp%2Fv2%2Fproduct_brand&post=39352"},{"taxonomy":"product_cat","embeddable":true,"href":"https:\/\/www.deporteseli.com\/index.php?rest_route=%2Fwp%2Fv2%2Fproduct_cat&post=39352"},{"taxonomy":"product_tag","embeddable":true,"href":"https:\/\/www.deporteseli.com\/index.php?rest_route=%2Fwp%2Fv2%2Fproduct_tag&post=39352"}],"curies":[{"name":"wp","href":"https:\/\/api.w.org\/{rel}","templated":true}]}}