{"id":39336,"date":"2026-01-27T18:29:24","date_gmt":"2026-01-27T18:29:24","guid":{"rendered":"https:\/\/www.deporteseli.com\/?product=gel-excite-10"},"modified":"2026-01-27T18:29:26","modified_gmt":"2026-01-27T18:29:26","slug":"gel-excite-10","status":"publish","type":"product","link":"https:\/\/www.deporteseli.com\/?product=gel-excite-10","title":{"rendered":"GEL-EXCITE 10"},"content":{"rendered":"<p>Detalles De Producto  La zapatilla GEL-EXCITE\u2122 10 presenta un dise\u00f1o significativamente m\u00e1s ligero que la versi\u00f3n anterior. Est\u00e1 dise\u00f1ado para ayudar a crear m\u00e1s comodidad bajo los pies para tu rutina de carrera y fitness. ?Esta zapatilla tambi\u00e9n incluye mayor altura de apilado gracias a la capa de tecnolog\u00eda AMPLIFOAM\u2122 PLUS en la entresuela, hecha para proporcionar una experiencia con amortiguaci\u00f3n m\u00e1s c\u00f3moda.                                                                                                                                                                                                                                                                                                                                                                                                                                                                                                                                                                                                                                                                                                                                                                                                                                                                                                                                                                                                                                        <\/p>\n","protected":false},"excerpt":{"rendered":"<p>GEL-EXCITE 10<\/p>\n","protected":false},"featured_media":53557,"template":"","meta":[],"product_brand":[],"product_cat":[259],"product_tag":[19],"class_list":{"0":"post-39336","1":"product","2":"type-product","3":"status-publish","4":"has-post-thumbnail","6":"product_cat-hombre_calzado_running","7":"product_tag-asics","8":"pa_color-unico","9":"pa_talla-41-5","10":"thunk-woo-product-list","11":"opn-qv-enable","12":"open-woo-hover-","13":"open-single-product-tab-horizontal","14":"open-shadow-","15":"open-shadow-hover-","17":"first","18":"instock","19":"sale","20":"shipping-taxable","21":"purchasable","22":"product-type-variable"},"jetpack_sharing_enabled":true,"_links":{"self":[{"href":"https:\/\/www.deporteseli.com\/index.php?rest_route=\/wp\/v2\/product\/39336","targetHints":{"allow":["GET"]}}],"collection":[{"href":"https:\/\/www.deporteseli.com\/index.php?rest_route=\/wp\/v2\/product"}],"about":[{"href":"https:\/\/www.deporteseli.com\/index.php?rest_route=\/wp\/v2\/types\/product"}],"wp:featuredmedia":[{"embeddable":true,"href":"https:\/\/www.deporteseli.com\/index.php?rest_route=\/wp\/v2\/media\/53557"}],"wp:attachment":[{"href":"https:\/\/www.deporteseli.com\/index.php?rest_route=%2Fwp%2Fv2%2Fmedia&parent=39336"}],"wp:term":[{"taxonomy":"product_brand","embeddable":true,"href":"https:\/\/www.deporteseli.com\/index.php?rest_route=%2Fwp%2Fv2%2Fproduct_brand&post=39336"},{"taxonomy":"product_cat","embeddable":true,"href":"https:\/\/www.deporteseli.com\/index.php?rest_route=%2Fwp%2Fv2%2Fproduct_cat&post=39336"},{"taxonomy":"product_tag","embeddable":true,"href":"https:\/\/www.deporteseli.com\/index.php?rest_route=%2Fwp%2Fv2%2Fproduct_tag&post=39336"}],"curies":[{"name":"wp","href":"https:\/\/api.w.org\/{rel}","templated":true}]}}