{"id":39324,"date":"2026-01-27T18:29:10","date_gmt":"2026-01-27T18:29:10","guid":{"rendered":"https:\/\/www.deporteseli.com\/?product=nike-balon-de-balonesto"},"modified":"2026-02-28T05:18:29","modified_gmt":"2026-02-28T05:18:29","slug":"nike-balon-de-balonesto","status":"publish","type":"product","link":"https:\/\/www.deporteseli.com\/?product=nike-balon-de-balonesto","title":{"rendered":"NIKE BALON DE BALONESTO"},"content":{"rendered":"<p>DESCRIPCI\u00d3N    No hay nada como quedar con los amigos y echarse unas canastas. Esta pelota de Nike es perfecta para eso. Su exterior de caucho la hace m\u00e1s duradera a la hora de jugar en exteriores. Sus l\u00edneas de profundidad mejoran su agarre y control cuando lances al aro. Su dibujo de Just Do it demuestra tu pasi\u00f3n por la marca.    CARACTER\u00cdSTICAS    Exterior de caucho para pistas al aire libre    Mayor durabilidad    Lineas de profundidad    100% caucho    Color del art\u00edculo. Black \/ yellow                                                                                                                                                                                                                                                                                                                                                                                                                                                                                                                                                                                                                                                                                                                                                                                                                                                                                                                                                                                                                                        <\/p>\n","protected":false},"excerpt":{"rendered":"<p>NIKE BALON DE BALONESTO<\/p>\n","protected":false},"featured_media":53548,"template":"","meta":[],"product_brand":[],"product_cat":[347],"product_tag":[37],"class_list":{"0":"post-39324","1":"product","2":"type-product","3":"status-publish","4":"has-post-thumbnail","6":"product_cat-deportes_balones","7":"product_tag-nike","8":"pa_color-unico","9":"pa_talla-169","10":"pa_talla-170","11":"pa_talla-171","12":"thunk-woo-product-list","13":"opn-qv-enable","14":"open-woo-hover-","15":"open-single-product-tab-horizontal","16":"open-shadow-","17":"open-shadow-hover-","19":"first","20":"instock","21":"shipping-taxable","22":"purchasable","23":"product-type-variable"},"jetpack_sharing_enabled":true,"_links":{"self":[{"href":"https:\/\/www.deporteseli.com\/index.php?rest_route=\/wp\/v2\/product\/39324","targetHints":{"allow":["GET"]}}],"collection":[{"href":"https:\/\/www.deporteseli.com\/index.php?rest_route=\/wp\/v2\/product"}],"about":[{"href":"https:\/\/www.deporteseli.com\/index.php?rest_route=\/wp\/v2\/types\/product"}],"wp:featuredmedia":[{"embeddable":true,"href":"https:\/\/www.deporteseli.com\/index.php?rest_route=\/wp\/v2\/media\/53548"}],"wp:attachment":[{"href":"https:\/\/www.deporteseli.com\/index.php?rest_route=%2Fwp%2Fv2%2Fmedia&parent=39324"}],"wp:term":[{"taxonomy":"product_brand","embeddable":true,"href":"https:\/\/www.deporteseli.com\/index.php?rest_route=%2Fwp%2Fv2%2Fproduct_brand&post=39324"},{"taxonomy":"product_cat","embeddable":true,"href":"https:\/\/www.deporteseli.com\/index.php?rest_route=%2Fwp%2Fv2%2Fproduct_cat&post=39324"},{"taxonomy":"product_tag","embeddable":true,"href":"https:\/\/www.deporteseli.com\/index.php?rest_route=%2Fwp%2Fv2%2Fproduct_tag&post=39324"}],"curies":[{"name":"wp","href":"https:\/\/api.w.org\/{rel}","templated":true}]}}