{"id":39316,"date":"2026-01-27T18:29:01","date_gmt":"2026-01-27T18:29:01","guid":{"rendered":"https:\/\/www.deporteseli.com\/?product=zapatillas-casual-harvard"},"modified":"2026-01-27T18:29:03","modified_gmt":"2026-01-27T18:29:03","slug":"zapatillas-casual-harvard","status":"publish","type":"product","link":"https:\/\/www.deporteseli.com\/?product=zapatillas-casual-harvard","title":{"rendered":"ZAPATILLAS CASUAL HARVARD"},"content":{"rendered":"<p>Zapatillas casual para ni\u00f1o\/ni\u00f1a. Calidad testada por ni\u00f1os y ni\u00f1as de colegios de todo el mundo. Este modelo de uso diario se ha dise\u00f1ado para aportar la m\u00e1xima comodidad durante cualquier actividad. Combinan resistencia, durabilidad y flexibilidad, lo que las convierte en unas zapatillas escolares muy vers\u00e1tiles que acompa\u00f1ar\u00e1n a los m\u00e1s peque\u00f1os durante todo el a\u00f1o escolar. Adem\u00e1s, su f\u00e1cil mantenimiento hace que puedan estar listas en unos minutos. Basta con pasarlas un pa\u00f1o h\u00famedo y secarlas al aire.                                                                                                                                                                                                                                                                                                                                                                                                                                                                                                                                                                                                                                                                                                                                                                                                                                                                                                                                                                                                                                        <\/p>\n","protected":false},"excerpt":{"rendered":"<p>ZAPATILLAS CASUAL HARVARD<\/p>\n","protected":false},"featured_media":53541,"template":"","meta":[],"product_brand":[],"product_cat":[310],"product_tag":[31],"class_list":{"0":"post-39316","1":"product","2":"type-product","3":"status-publish","4":"has-post-thumbnail","6":"product_cat-nino_calzado_casual","7":"product_tag-joma","8":"pa_color-unico","9":"pa_talla-127","10":"pa_talla-131","11":"thunk-woo-product-list","12":"opn-qv-enable","13":"open-woo-hover-","14":"open-single-product-tab-horizontal","15":"open-shadow-","16":"open-shadow-hover-","18":"first","19":"instock","20":"sale","21":"shipping-taxable","22":"purchasable","23":"product-type-variable"},"jetpack_sharing_enabled":true,"_links":{"self":[{"href":"https:\/\/www.deporteseli.com\/index.php?rest_route=\/wp\/v2\/product\/39316","targetHints":{"allow":["GET"]}}],"collection":[{"href":"https:\/\/www.deporteseli.com\/index.php?rest_route=\/wp\/v2\/product"}],"about":[{"href":"https:\/\/www.deporteseli.com\/index.php?rest_route=\/wp\/v2\/types\/product"}],"wp:featuredmedia":[{"embeddable":true,"href":"https:\/\/www.deporteseli.com\/index.php?rest_route=\/wp\/v2\/media\/53541"}],"wp:attachment":[{"href":"https:\/\/www.deporteseli.com\/index.php?rest_route=%2Fwp%2Fv2%2Fmedia&parent=39316"}],"wp:term":[{"taxonomy":"product_brand","embeddable":true,"href":"https:\/\/www.deporteseli.com\/index.php?rest_route=%2Fwp%2Fv2%2Fproduct_brand&post=39316"},{"taxonomy":"product_cat","embeddable":true,"href":"https:\/\/www.deporteseli.com\/index.php?rest_route=%2Fwp%2Fv2%2Fproduct_cat&post=39316"},{"taxonomy":"product_tag","embeddable":true,"href":"https:\/\/www.deporteseli.com\/index.php?rest_route=%2Fwp%2Fv2%2Fproduct_tag&post=39316"}],"curies":[{"name":"wp","href":"https:\/\/api.w.org\/{rel}","templated":true}]}}