{"id":39311,"date":"2026-01-27T18:28:55","date_gmt":"2026-01-27T18:28:55","guid":{"rendered":"https:\/\/www.deporteseli.com\/?product=nike-mercurial-vapor-15-club"},"modified":"2026-03-13T05:18:14","modified_gmt":"2026-03-13T05:18:14","slug":"nike-mercurial-vapor-15-club","status":"publish","type":"product","link":"https:\/\/www.deporteseli.com\/?product=nike-mercurial-vapor-15-club","title":{"rendered":"NIKE MERCURIAL VAPOR 15 CLUB"},"content":{"rendered":"<p>Las Vapor 15 Club MG ofrecen ligereza y contacto con el suelo y te permiten dominar el campo. Fast is in the Air.      Aumenta tu velocidad    La Speed Cage est\u00e1 confeccionada con un material fino y resistente que sujeta el pie a la suela exterior sin a\u00f1adir peso adicional para ofrecer una firmeza \u00f3ptima.      M\u00e1xima tracci\u00f3n    El exclusivo patr\u00f3n de tracci\u00f3n ofrece la m\u00e1xima tracci\u00f3n con una r\u00e1pida liberaci\u00f3n para crear distancia.      Ajuste mejorado    Su dise\u00f1o renovado perfecciona el ajuste para adaptarse mejor al pie. Lo hemos logrado tras hacer varias pruebas de desgaste a cientos de atletas. El resultado es una puntera m\u00e1s anat\u00f3mica y una mayor sujeci\u00f3n en el tal\u00f3n.      Siente el bal\u00f3n    La parte superior sint\u00e9tica moldeada cuenta con un patr\u00f3n texturizado para ofrecer un mayor control del bal\u00f3n al regatear a altas velocidades.      Detalles del producto    Para uso en superficies naturales y sint\u00e9ticas  Suela interior amortiguada  Color mostrado: Negro\/Hyper Royal\/Chrome  Modelo: DJ5963-040                                                                                                                                                                                                                                                                                                                                                                                                                                                                                                                                                                                                                                                                                                                                                                                                                                                                                                                                                                                                                                        <\/p>\n","protected":false},"excerpt":{"rendered":"<p>NIKE MERCURIAL VAPOR 15 CLUB<\/p>\n","protected":false},"featured_media":53536,"template":"","meta":[],"product_brand":[],"product_cat":[318],"product_tag":[37],"class_list":{"0":"post-39311","1":"product","2":"type-product","3":"status-publish","4":"has-post-thumbnail","6":"product_cat-deportes_futbol_botas","7":"product_tag-nike","8":"pa_color-unico","9":"pa_talla-153","10":"pa_talla-155","11":"thunk-woo-product-list","12":"opn-qv-enable","13":"open-woo-hover-","14":"open-single-product-tab-horizontal","15":"open-shadow-","16":"open-shadow-hover-","18":"first","19":"instock","20":"sale","21":"shipping-taxable","22":"purchasable","23":"product-type-variable"},"jetpack_sharing_enabled":true,"_links":{"self":[{"href":"https:\/\/www.deporteseli.com\/index.php?rest_route=\/wp\/v2\/product\/39311","targetHints":{"allow":["GET"]}}],"collection":[{"href":"https:\/\/www.deporteseli.com\/index.php?rest_route=\/wp\/v2\/product"}],"about":[{"href":"https:\/\/www.deporteseli.com\/index.php?rest_route=\/wp\/v2\/types\/product"}],"wp:featuredmedia":[{"embeddable":true,"href":"https:\/\/www.deporteseli.com\/index.php?rest_route=\/wp\/v2\/media\/53536"}],"wp:attachment":[{"href":"https:\/\/www.deporteseli.com\/index.php?rest_route=%2Fwp%2Fv2%2Fmedia&parent=39311"}],"wp:term":[{"taxonomy":"product_brand","embeddable":true,"href":"https:\/\/www.deporteseli.com\/index.php?rest_route=%2Fwp%2Fv2%2Fproduct_brand&post=39311"},{"taxonomy":"product_cat","embeddable":true,"href":"https:\/\/www.deporteseli.com\/index.php?rest_route=%2Fwp%2Fv2%2Fproduct_cat&post=39311"},{"taxonomy":"product_tag","embeddable":true,"href":"https:\/\/www.deporteseli.com\/index.php?rest_route=%2Fwp%2Fv2%2Fproduct_tag&post=39311"}],"curies":[{"name":"wp","href":"https:\/\/api.w.org\/{rel}","templated":true}]}}