{"id":39309,"date":"2026-01-27T18:28:52","date_gmt":"2026-01-27T18:28:52","guid":{"rendered":"https:\/\/www.deporteseli.com\/?product=zapatillas-carina-2-0-pop-up-metallics"},"modified":"2026-03-26T10:22:12","modified_gmt":"2026-03-26T10:22:12","slug":"zapatillas-carina-2-0-pop-up-metallics","status":"publish","type":"product","link":"https:\/\/www.deporteseli.com\/?product=zapatillas-carina-2-0-pop-up-metallics","title":{"rendered":"ZAPATILLAS CARINA 2.0 POP UP METALLICS"},"content":{"rendered":"<p>Estas zapatillas inspiradas en los a\u00f1os 80 en piel sint\u00e9tica se reinventan con detalles metalizados y franjas verticales anchas en la base. El logotipo PUMA del tal\u00f3n a\u00f1ade un detalle de marca al aire californiano desenfadado de este modelo.      CARACTER\u00cdSTICAS   BENEFICIOS  SOFTFOAM : plantilla de confort dise\u00f1ada para proporcionar una suave amortiguaci\u00f3n gracias a su tal\u00f3n extragrueso  El exterior se ha fabricado con al menos un 20 % de materiales reciclados y la base, con al menos un 10 % como paso hacia un futuro mejor  DETALLES  Exterior sint\u00e9tico  Suela de goma  Formstrip de PUMA en los laterales  Logotipo PUMA Cat grabado en el tal\u00f3n                                                                                                                                                                                                                                                                                                                                                                                                                                                                                                                                                                                                                                                                                                                                                                                                                                                                                                                                                                                                                                        <\/p>\n","protected":false},"excerpt":{"rendered":"<p>ZAPATILLAS CARINA 2.0 POP UP METALLICS<\/p>\n","protected":false},"featured_media":53531,"template":"","meta":[],"product_brand":[],"product_cat":[237],"product_tag":[32],"class_list":{"0":"post-39309","1":"product","2":"type-product","3":"status-publish","4":"has-post-thumbnail","6":"product_cat-outlet_calzado","7":"product_tag-puma","8":"pa_color-unico","9":"pa_talla-40-5","10":"thunk-woo-product-list","11":"opn-qv-enable","12":"open-woo-hover-","13":"open-single-product-tab-horizontal","14":"open-shadow-","15":"open-shadow-hover-","17":"first","18":"instock","19":"sale","20":"shipping-taxable","21":"purchasable","22":"product-type-variable"},"jetpack_sharing_enabled":true,"_links":{"self":[{"href":"https:\/\/www.deporteseli.com\/index.php?rest_route=\/wp\/v2\/product\/39309","targetHints":{"allow":["GET"]}}],"collection":[{"href":"https:\/\/www.deporteseli.com\/index.php?rest_route=\/wp\/v2\/product"}],"about":[{"href":"https:\/\/www.deporteseli.com\/index.php?rest_route=\/wp\/v2\/types\/product"}],"wp:featuredmedia":[{"embeddable":true,"href":"https:\/\/www.deporteseli.com\/index.php?rest_route=\/wp\/v2\/media\/53531"}],"wp:attachment":[{"href":"https:\/\/www.deporteseli.com\/index.php?rest_route=%2Fwp%2Fv2%2Fmedia&parent=39309"}],"wp:term":[{"taxonomy":"product_brand","embeddable":true,"href":"https:\/\/www.deporteseli.com\/index.php?rest_route=%2Fwp%2Fv2%2Fproduct_brand&post=39309"},{"taxonomy":"product_cat","embeddable":true,"href":"https:\/\/www.deporteseli.com\/index.php?rest_route=%2Fwp%2Fv2%2Fproduct_cat&post=39309"},{"taxonomy":"product_tag","embeddable":true,"href":"https:\/\/www.deporteseli.com\/index.php?rest_route=%2Fwp%2Fv2%2Fproduct_tag&post=39309"}],"curies":[{"name":"wp","href":"https:\/\/api.w.org\/{rel}","templated":true}]}}