{"id":39307,"date":"2026-01-27T18:28:50","date_gmt":"2026-01-27T18:28:50","guid":{"rendered":"https:\/\/www.deporteseli.com\/?product=zapatillas-puma-court-ultra-lite"},"modified":"2026-01-27T18:28:51","modified_gmt":"2026-01-27T18:28:51","slug":"zapatillas-puma-court-ultra-lite","status":"publish","type":"product","link":"https:\/\/www.deporteseli.com\/?product=zapatillas-puma-court-ultra-lite","title":{"rendered":"ZAPATILLAS PUMA COURT ULTRA LITE"},"content":{"rendered":"<p>PUMA Zapatillas Puma Court Ultra Lite Log Hombre  DESCRIPCI\u00d3N  La zapatilla Suela Softride es perfecta para cualquier ocasi\u00f3n. Su parte superior de piel sint\u00e9tica le da un aspecto elegante y duradero. Adem\u00e1s, cuenta con perforaciones en la capa de la puntera que permiten una mejor ventilaci\u00f3n y transpirabilidad. Pero lo mejor de todo es su tecnolog\u00eda Softfoam , que proporciona una amortiguaci\u00f3n suave y c\u00f3moda en cada paso. Ya sea para caminar, correr o simplemente para lucir un estilo casual, estas zapatillas son la elecci\u00f3n perfecta.  No te quedes sin probarlas!  CARACTER\u00cdSTICAS  Suela Softride  Parte superior de piel sint\u00e9tica  Perforaciones en la capa de la puntera  Softfoam                                                                                                                                                                                                                                                                                                                                                                                                                                                                                                                                                                                                                                                                                                                                                                                                                                                                                                                                                                                                                                         <\/p>\n","protected":false},"excerpt":{"rendered":"<p>ZAPATILLAS PUMA COURT ULTRA LITE<\/p>\n","protected":false},"featured_media":53527,"template":"","meta":[],"product_brand":[],"product_cat":[261],"product_tag":[32],"class_list":{"0":"post-39307","1":"product","2":"type-product","3":"status-publish","4":"has-post-thumbnail","6":"product_cat-hombre_calzado_casual","7":"product_tag-puma","8":"pa_color-unico","9":"pa_talla-163","10":"thunk-woo-product-list","11":"opn-qv-enable","12":"open-woo-hover-","13":"open-single-product-tab-horizontal","14":"open-shadow-","15":"open-shadow-hover-","17":"first","18":"instock","19":"sale","20":"shipping-taxable","21":"purchasable","22":"product-type-variable"},"jetpack_sharing_enabled":true,"_links":{"self":[{"href":"https:\/\/www.deporteseli.com\/index.php?rest_route=\/wp\/v2\/product\/39307","targetHints":{"allow":["GET"]}}],"collection":[{"href":"https:\/\/www.deporteseli.com\/index.php?rest_route=\/wp\/v2\/product"}],"about":[{"href":"https:\/\/www.deporteseli.com\/index.php?rest_route=\/wp\/v2\/types\/product"}],"wp:featuredmedia":[{"embeddable":true,"href":"https:\/\/www.deporteseli.com\/index.php?rest_route=\/wp\/v2\/media\/53527"}],"wp:attachment":[{"href":"https:\/\/www.deporteseli.com\/index.php?rest_route=%2Fwp%2Fv2%2Fmedia&parent=39307"}],"wp:term":[{"taxonomy":"product_brand","embeddable":true,"href":"https:\/\/www.deporteseli.com\/index.php?rest_route=%2Fwp%2Fv2%2Fproduct_brand&post=39307"},{"taxonomy":"product_cat","embeddable":true,"href":"https:\/\/www.deporteseli.com\/index.php?rest_route=%2Fwp%2Fv2%2Fproduct_cat&post=39307"},{"taxonomy":"product_tag","embeddable":true,"href":"https:\/\/www.deporteseli.com\/index.php?rest_route=%2Fwp%2Fv2%2Fproduct_tag&post=39307"}],"curies":[{"name":"wp","href":"https:\/\/api.w.org\/{rel}","templated":true}]}}