{"id":39303,"date":"2026-01-27T18:28:44","date_gmt":"2026-01-27T18:28:44","guid":{"rendered":"https:\/\/www.deporteseli.com\/?product=adidas-x-crazyfast-4-velcro-tf-j"},"modified":"2026-01-27T18:28:49","modified_gmt":"2026-01-27T18:28:49","slug":"adidas-x-crazyfast-4-velcro-tf-j","status":"publish","type":"product","link":"https:\/\/www.deporteseli.com\/?product=adidas-x-crazyfast-4-velcro-tf-j","title":{"rendered":"ADIDAS X CRAZYFAST.4 VELCRO TF J"},"content":{"rendered":"<p>Dise\u00f1o en color blanco con detalles en color negro y amarillo fl\u00faor.     Estas botas forman parte de la colecci\u00f3n Crazyrush Pack que ha lanzado adidas en 2023.  Suela de goma multitaco que ofrece excelente tracci\u00f3n en campos de moqueta  Parte superior fabricada en material de Primeknit, un material textil suave y resistente al desgaste.     Mediasuela EVA para una pisada m\u00e1s c\u00f3moda.    Parte superior con un 50% de material reciclado.  La suave y fina microfibra con la que est\u00e1 fabricada esta bota ofrece un excelente toque de bal\u00f3n.  Acabado texturizado que ofrece un extra de grip con el bal\u00f3n.                                                                                                                                                                                                                                                                                                                                                                                                                                                                                                                                                                                                                                                                                                                                                                                                                                                                                                                                                                                                                                        <\/p>\n","protected":false},"excerpt":{"rendered":"<p>ADIDAS X CRAZYFAST.4 VELCRO TF J<\/p>\n","protected":false},"featured_media":53524,"template":"","meta":[],"product_brand":[],"product_cat":[318],"product_tag":[18],"class_list":{"0":"post-39303","1":"product","2":"type-product","3":"status-publish","4":"has-post-thumbnail","6":"product_cat-deportes_futbol_botas","7":"product_tag-adidas","8":"pa_color-unico","9":"pa_talla-37-5","10":"pa_talla-145","11":"pa_talla-38-5","12":"thunk-woo-product-list","13":"opn-qv-enable","14":"open-woo-hover-","15":"open-single-product-tab-horizontal","16":"open-shadow-","17":"open-shadow-hover-","19":"first","20":"instock","21":"sale","22":"shipping-taxable","23":"purchasable","24":"product-type-variable"},"jetpack_sharing_enabled":true,"_links":{"self":[{"href":"https:\/\/www.deporteseli.com\/index.php?rest_route=\/wp\/v2\/product\/39303","targetHints":{"allow":["GET"]}}],"collection":[{"href":"https:\/\/www.deporteseli.com\/index.php?rest_route=\/wp\/v2\/product"}],"about":[{"href":"https:\/\/www.deporteseli.com\/index.php?rest_route=\/wp\/v2\/types\/product"}],"wp:featuredmedia":[{"embeddable":true,"href":"https:\/\/www.deporteseli.com\/index.php?rest_route=\/wp\/v2\/media\/53524"}],"wp:attachment":[{"href":"https:\/\/www.deporteseli.com\/index.php?rest_route=%2Fwp%2Fv2%2Fmedia&parent=39303"}],"wp:term":[{"taxonomy":"product_brand","embeddable":true,"href":"https:\/\/www.deporteseli.com\/index.php?rest_route=%2Fwp%2Fv2%2Fproduct_brand&post=39303"},{"taxonomy":"product_cat","embeddable":true,"href":"https:\/\/www.deporteseli.com\/index.php?rest_route=%2Fwp%2Fv2%2Fproduct_cat&post=39303"},{"taxonomy":"product_tag","embeddable":true,"href":"https:\/\/www.deporteseli.com\/index.php?rest_route=%2Fwp%2Fv2%2Fproduct_tag&post=39303"}],"curies":[{"name":"wp","href":"https:\/\/api.w.org\/{rel}","templated":true}]}}