{"id":39301,"date":"2026-01-27T18:28:41","date_gmt":"2026-01-27T18:28:41","guid":{"rendered":"https:\/\/www.deporteseli.com\/?product=conjunto-nino-segunda-equipacion-23-24"},"modified":"2026-01-27T18:28:43","modified_gmt":"2026-01-27T18:28:43","slug":"conjunto-nino-segunda-equipacion-23-24","status":"publish","type":"product","link":"https:\/\/www.deporteseli.com\/?product=conjunto-nino-segunda-equipacion-23-24","title":{"rendered":"CONJUNTO NI\u00f1O SEGUNDA EQUIPACI\u00f3N 23-24"},"content":{"rendered":"","protected":false},"excerpt":{"rendered":"<p>CONJUNTO NI\u00f1O SEGUNDA EQUIPACI\u00f3N 23-24<\/p>\n","protected":false},"featured_media":53523,"template":"","meta":[],"product_brand":[],"product_cat":[297],"product_tag":[55],"class_list":{"0":"post-39301","1":"product","2":"type-product","3":"status-publish","4":"has-post-thumbnail","6":"product_cat-nino_textil_conjuntos","7":"product_tag-hummel","8":"pa_color-unico","9":"pa_talla-12-meses","10":"thunk-woo-product-list","11":"opn-qv-enable","12":"open-woo-hover-","13":"open-single-product-tab-horizontal","14":"open-shadow-","15":"open-shadow-hover-","17":"first","18":"instock","19":"sale","20":"shipping-taxable","21":"purchasable","22":"product-type-variable"},"jetpack_sharing_enabled":true,"_links":{"self":[{"href":"https:\/\/www.deporteseli.com\/index.php?rest_route=\/wp\/v2\/product\/39301","targetHints":{"allow":["GET"]}}],"collection":[{"href":"https:\/\/www.deporteseli.com\/index.php?rest_route=\/wp\/v2\/product"}],"about":[{"href":"https:\/\/www.deporteseli.com\/index.php?rest_route=\/wp\/v2\/types\/product"}],"wp:featuredmedia":[{"embeddable":true,"href":"https:\/\/www.deporteseli.com\/index.php?rest_route=\/wp\/v2\/media\/53523"}],"wp:attachment":[{"href":"https:\/\/www.deporteseli.com\/index.php?rest_route=%2Fwp%2Fv2%2Fmedia&parent=39301"}],"wp:term":[{"taxonomy":"product_brand","embeddable":true,"href":"https:\/\/www.deporteseli.com\/index.php?rest_route=%2Fwp%2Fv2%2Fproduct_brand&post=39301"},{"taxonomy":"product_cat","embeddable":true,"href":"https:\/\/www.deporteseli.com\/index.php?rest_route=%2Fwp%2Fv2%2Fproduct_cat&post=39301"},{"taxonomy":"product_tag","embeddable":true,"href":"https:\/\/www.deporteseli.com\/index.php?rest_route=%2Fwp%2Fv2%2Fproduct_tag&post=39301"}],"curies":[{"name":"wp","href":"https:\/\/api.w.org\/{rel}","templated":true}]}}