{"id":39289,"date":"2026-01-27T18:28:26","date_gmt":"2026-01-27T18:28:26","guid":{"rendered":"https:\/\/www.deporteseli.com\/?product=zapatilla-de-futbol-x-crazyfast-4-moqueta"},"modified":"2026-01-27T18:28:31","modified_gmt":"2026-01-27T18:28:31","slug":"zapatilla-de-futbol-x-crazyfast-4-moqueta","status":"publish","type":"product","link":"https:\/\/www.deporteseli.com\/?product=zapatilla-de-futbol-x-crazyfast-4-moqueta","title":{"rendered":"ZAPATILLA DE F\u00faTBOL X CRAZYFAST.4 MOQUETA"},"content":{"rendered":"<p>GANAR ES EL TRATO  El partido a\u00fan no est\u00e1 decidido. Todav\u00eda hay tiempo para darle la vuelta al marcador. Una vez. Y todas las que hagan falta. \u00bfQuieres dejar a tus rivales boquiabiertos? Desata tu lado salvaje con adidas X Crazyfast. Esta zapatilla de f\u00fatbol para j\u00f3venes promesas incorpora una suela espec\u00edficamente dise\u00f1ada para proporcionarte una aceleraci\u00f3n explosiva en campos de moqueta. La parte superior sint\u00e9tica, suave y ligeramente texturizada se combina con una leng\u00fceta perforada que te garantiza una comodidad incre\u00edble en todo momento.    La parte superior contiene al menos un 50% de material reciclado. Su objetivo es plantear otra soluci\u00f3n m\u00e1s que ayude a acabar con los residuos pl\u00e1sticos.  Horma cl\u00e1sica  Cierre de cordones  Parte superior de material sint\u00e9tico texturizado  Forro textil  Suela de goma para campos de moqueta  La parte superior contiene al menos un 50% de material reciclado  Color del art\u00edculo: Core Black \/ Core Black \/ Core Black  N\u00famero de art\u00edculo: IE4084                                                                                                                                                                                                                                                                                                                                                                                                                                                                                                                                                                                                                                                                                                                                                                                                                                                                                                                                                                                                                                        <\/p>\n","protected":false},"excerpt":{"rendered":"<p>ZAPATILLA DE F\u00faTBOL X CRAZYFAST.4 MOQUETA<\/p>\n","protected":false},"featured_media":53513,"template":"","meta":[],"product_brand":[],"product_cat":[318],"product_tag":[18],"class_list":{"0":"post-39289","1":"product","2":"type-product","3":"status-publish","4":"has-post-thumbnail","6":"product_cat-deportes_futbol_botas","7":"product_tag-adidas","8":"pa_color-unico","9":"pa_talla-125","10":"pa_talla-37-5","11":"pa_talla-145","12":"pa_talla-38-5","13":"thunk-woo-product-list","14":"opn-qv-enable","15":"open-woo-hover-","16":"open-single-product-tab-horizontal","17":"open-shadow-","18":"open-shadow-hover-","20":"first","21":"instock","22":"sale","23":"shipping-taxable","24":"purchasable","25":"product-type-variable"},"jetpack_sharing_enabled":true,"_links":{"self":[{"href":"https:\/\/www.deporteseli.com\/index.php?rest_route=\/wp\/v2\/product\/39289","targetHints":{"allow":["GET"]}}],"collection":[{"href":"https:\/\/www.deporteseli.com\/index.php?rest_route=\/wp\/v2\/product"}],"about":[{"href":"https:\/\/www.deporteseli.com\/index.php?rest_route=\/wp\/v2\/types\/product"}],"wp:featuredmedia":[{"embeddable":true,"href":"https:\/\/www.deporteseli.com\/index.php?rest_route=\/wp\/v2\/media\/53513"}],"wp:attachment":[{"href":"https:\/\/www.deporteseli.com\/index.php?rest_route=%2Fwp%2Fv2%2Fmedia&parent=39289"}],"wp:term":[{"taxonomy":"product_brand","embeddable":true,"href":"https:\/\/www.deporteseli.com\/index.php?rest_route=%2Fwp%2Fv2%2Fproduct_brand&post=39289"},{"taxonomy":"product_cat","embeddable":true,"href":"https:\/\/www.deporteseli.com\/index.php?rest_route=%2Fwp%2Fv2%2Fproduct_cat&post=39289"},{"taxonomy":"product_tag","embeddable":true,"href":"https:\/\/www.deporteseli.com\/index.php?rest_route=%2Fwp%2Fv2%2Fproduct_tag&post=39289"}],"curies":[{"name":"wp","href":"https:\/\/api.w.org\/{rel}","templated":true}]}}