{"id":39286,"date":"2026-01-27T18:28:10","date_gmt":"2026-01-27T18:28:10","guid":{"rendered":"https:\/\/www.deporteseli.com\/?product=zapatillas-barricade-fmt-cl-m"},"modified":"2026-01-27T18:28:14","modified_gmt":"2026-01-27T18:28:14","slug":"zapatillas-barricade-fmt-cl-m","status":"publish","type":"product","link":"https:\/\/www.deporteseli.com\/?product=zapatillas-barricade-fmt-cl-m","title":{"rendered":"ZAPATILLAS BARRICADE FMT CL M"},"content":{"rendered":"<p>Obt\u00e9n la ventaja competitiva en la cancha con estas zapatillas de tenis adidas Barricade para hombre. Su parte superior de malla transpirable incluye Geofit Sensepods para un bloqueo s\u00f3lido del tal\u00f3n y un revestimiento BOOST reciclado en \u00e1reas de alta abrasi\u00f3n para mayor durabilidad. Sentado en una suela exterior Adiwear que te ayuda a dominar las superficies de arcilla, la entresuela flexible Bounce suaviza cada sprint y aterrizaje aplastante. La parte superior de este zapato est\u00e1 hecha con unhilo de alto rendimiento que contiene al menos un 50 % de Parley Ocean Plastic, el otro 50% del hilo es poli\u00e9ster reciclado.                                                                                                                                                                                                                                                                                                                                                                                                                                                                                                                                                                                                                                                                                                                                                                                                                                                                                                                                                                                                                                        <\/p>\n","protected":false},"excerpt":{"rendered":"<p>ZAPATILLAS BARRICADE FMT CL M<\/p>\n","protected":false},"featured_media":53493,"template":"","meta":[],"product_brand":[],"product_cat":[371],"product_tag":[18],"class_list":{"0":"post-39286","1":"product","2":"type-product","3":"status-publish","4":"has-post-thumbnail","6":"product_cat-padel_y_tenis_calzado","7":"product_tag-adidas","8":"pa_color-unico","9":"pa_talla-153","10":"pa_talla-42-5","11":"thunk-woo-product-list","12":"opn-qv-enable","13":"open-woo-hover-","14":"open-single-product-tab-horizontal","15":"open-shadow-","16":"open-shadow-hover-","18":"first","19":"instock","20":"sale","21":"shipping-taxable","22":"purchasable","23":"product-type-variable"},"jetpack_sharing_enabled":true,"_links":{"self":[{"href":"https:\/\/www.deporteseli.com\/index.php?rest_route=\/wp\/v2\/product\/39286","targetHints":{"allow":["GET"]}}],"collection":[{"href":"https:\/\/www.deporteseli.com\/index.php?rest_route=\/wp\/v2\/product"}],"about":[{"href":"https:\/\/www.deporteseli.com\/index.php?rest_route=\/wp\/v2\/types\/product"}],"wp:featuredmedia":[{"embeddable":true,"href":"https:\/\/www.deporteseli.com\/index.php?rest_route=\/wp\/v2\/media\/53493"}],"wp:attachment":[{"href":"https:\/\/www.deporteseli.com\/index.php?rest_route=%2Fwp%2Fv2%2Fmedia&parent=39286"}],"wp:term":[{"taxonomy":"product_brand","embeddable":true,"href":"https:\/\/www.deporteseli.com\/index.php?rest_route=%2Fwp%2Fv2%2Fproduct_brand&post=39286"},{"taxonomy":"product_cat","embeddable":true,"href":"https:\/\/www.deporteseli.com\/index.php?rest_route=%2Fwp%2Fv2%2Fproduct_cat&post=39286"},{"taxonomy":"product_tag","embeddable":true,"href":"https:\/\/www.deporteseli.com\/index.php?rest_route=%2Fwp%2Fv2%2Fproduct_tag&post=39286"}],"curies":[{"name":"wp","href":"https:\/\/api.w.org\/{rel}","templated":true}]}}