{"id":39283,"date":"2026-01-27T18:28:03","date_gmt":"2026-01-27T18:28:03","guid":{"rendered":"https:\/\/www.deporteseli.com\/?product=guantes-juveniles-de-portero-puma-ultra-match"},"modified":"2026-01-27T18:28:06","modified_gmt":"2026-01-27T18:28:06","slug":"guantes-juveniles-de-portero-puma-ultra-match","status":"publish","type":"product","link":"https:\/\/www.deporteseli.com\/?product=guantes-juveniles-de-portero-puma-ultra-match","title":{"rendered":"GUANTES JUVENILES DE PORTERO PUMA ULTRA MATCH"},"content":{"rendered":"<p>Sit\u00faate con confianza en la \u00faltima l\u00ednea entre la victoria y la derrota con estos guantes de portero PUMA ULTRA Match Protect. El corte est\u00e1ndar de los guantes presenta el sistema de protecci\u00f3n de cuatro dedos de PUMA, que protege tus manos incluso frente a los ca\u00f1onazos m\u00e1s potentes. El revestimiento integral de l\u00e1tex impedir\u00e1 que el bal\u00f3n resbale haga el tiempo que haga.      DETALLES  Sistema fijo de protecci\u00f3n de cuatro dedos PUMA  La palma de l\u00e1tex Multi-grip de 3 mm proporciona un buen agarre y durabilidad  Corte est\u00e1ndar  Material principal de PU  Dorso de l\u00e1tex con detalles en relieve que aporta flexibilidad y mejora la potencia de golpeo  Abertura lateral en el pu\u00f1o y correa de l\u00e1tex en toda la circunferencia de la mu\u00f1eca  Dise\u00f1adas de conformidad con la normativa EN 16027:2011  Composici\u00f3n  Rev\u00e9s: 100% L\u00e1tex  Parte Superior: 100% Poliuretano  Exterior: 100% Poliuretano                                                                                                                                                                                                                                                                                                                                                                                                                                                                                                                                                                                                                                                                                                                                                                                                                                                                                                                                                                                                                                        <\/p>\n","protected":false},"excerpt":{"rendered":"<p>GUANTES JUVENILES DE PORTERO PUMA ULTRA MATCH<\/p>\n","protected":false},"featured_media":53489,"template":"","meta":[],"product_brand":[],"product_cat":[322],"product_tag":[32],"class_list":{"0":"post-39283","1":"product","2":"type-product","3":"status-publish","4":"has-post-thumbnail","6":"product_cat-deportes_futbol_guantes_portero","7":"product_tag-puma","8":"pa_color-unico","9":"pa_talla-168","10":"pa_talla-169","11":"thunk-woo-product-list","12":"opn-qv-enable","13":"open-woo-hover-","14":"open-single-product-tab-horizontal","15":"open-shadow-","16":"open-shadow-hover-","18":"first","19":"instock","20":"shipping-taxable","21":"purchasable","22":"product-type-variable"},"jetpack_sharing_enabled":true,"_links":{"self":[{"href":"https:\/\/www.deporteseli.com\/index.php?rest_route=\/wp\/v2\/product\/39283","targetHints":{"allow":["GET"]}}],"collection":[{"href":"https:\/\/www.deporteseli.com\/index.php?rest_route=\/wp\/v2\/product"}],"about":[{"href":"https:\/\/www.deporteseli.com\/index.php?rest_route=\/wp\/v2\/types\/product"}],"wp:featuredmedia":[{"embeddable":true,"href":"https:\/\/www.deporteseli.com\/index.php?rest_route=\/wp\/v2\/media\/53489"}],"wp:attachment":[{"href":"https:\/\/www.deporteseli.com\/index.php?rest_route=%2Fwp%2Fv2%2Fmedia&parent=39283"}],"wp:term":[{"taxonomy":"product_brand","embeddable":true,"href":"https:\/\/www.deporteseli.com\/index.php?rest_route=%2Fwp%2Fv2%2Fproduct_brand&post=39283"},{"taxonomy":"product_cat","embeddable":true,"href":"https:\/\/www.deporteseli.com\/index.php?rest_route=%2Fwp%2Fv2%2Fproduct_cat&post=39283"},{"taxonomy":"product_tag","embeddable":true,"href":"https:\/\/www.deporteseli.com\/index.php?rest_route=%2Fwp%2Fv2%2Fproduct_tag&post=39283"}],"curies":[{"name":"wp","href":"https:\/\/api.w.org\/{rel}","templated":true}]}}