{"id":39276,"date":"2026-01-27T18:27:53","date_gmt":"2026-01-27T18:27:53","guid":{"rendered":"https:\/\/www.deporteseli.com\/?product=puma-ultra-pro-protect-rc"},"modified":"2026-01-27T18:27:57","modified_gmt":"2026-01-27T18:27:57","slug":"puma-ultra-pro-protect-rc","status":"publish","type":"product","link":"https:\/\/www.deporteseli.com\/?product=puma-ultra-pro-protect-rc","title":{"rendered":"PUMA ULTRA PRO PROTECT RC"},"content":{"rendered":"<p>RENDIMIENTO ELEVADO GARANTIZADO &#8211; ES TEMPORADA DE ROTURA, justo cuando crees que no podr\u00edan ir mejor \u2013 lo hacen. Te presentamos el nuevo paquete Breakthrough de PUMA en una coloraci\u00f3n PUMA White-Fire Orchid. Guante de competici\u00f3n de alto nivel con palma de l\u00e1tex Ultimate Grip de 4 mm impregnado con grafito para un agarre inigualable en condiciones h\u00famedas y secas. La construcci\u00f3n regular de los dedos en el lado de la palma y el corte negativo en la parte posterior proporcionan un mejor ajuste y ofrecen comodidad adicional, mientras que el devanado del pulgar aumenta el contacto entre l\u00e1tex y pelota. El l\u00e1tex en relieve en el dedo y la zona de perforaci\u00f3n proporciona protecci\u00f3n y total libertad de movimiento, mientras que la mu\u00f1eca el\u00e1stica y la correa de mu\u00f1eca de l\u00e1tex de longitud completa proporcionan un cierre seguro y soporte a esta importante \u00e1rea. Las herramientas anat\u00f3micamente correctas explican la apertura natural de los dedos para una comodidad insuperable. El guante tambi\u00e9n est\u00e1 equipado con tapones protectores de dedos PFP en los 4 dedos que se fijan en la parte posterior del guante. Estos tapones se bloquean a 180\u00b0 para evitar la hiperextensi\u00f3n de los dedos.                                                                                                                                                                                                                                                                                                                                                                                                                                                                                                                                                                                                                                                                                                                                                                                                                                                                                                                                                                                                                                        <\/p>\n","protected":false},"excerpt":{"rendered":"<p>PUMA ULTRA PRO PROTECT RC<\/p>\n","protected":false},"featured_media":53486,"template":"","meta":[],"product_brand":[],"product_cat":[322],"product_tag":[32],"class_list":{"0":"post-39276","1":"product","2":"type-product","3":"status-publish","4":"has-post-thumbnail","6":"product_cat-deportes_futbol_guantes_portero","7":"product_tag-puma","8":"pa_color-unico","9":"pa_talla-171","10":"pa_talla-t-8","11":"pa_talla-t-9","12":"thunk-woo-product-list","13":"opn-qv-enable","14":"open-woo-hover-","15":"open-single-product-tab-horizontal","16":"open-shadow-","17":"open-shadow-hover-","19":"first","20":"instock","21":"shipping-taxable","22":"purchasable","23":"product-type-variable"},"jetpack_sharing_enabled":true,"_links":{"self":[{"href":"https:\/\/www.deporteseli.com\/index.php?rest_route=\/wp\/v2\/product\/39276","targetHints":{"allow":["GET"]}}],"collection":[{"href":"https:\/\/www.deporteseli.com\/index.php?rest_route=\/wp\/v2\/product"}],"about":[{"href":"https:\/\/www.deporteseli.com\/index.php?rest_route=\/wp\/v2\/types\/product"}],"wp:featuredmedia":[{"embeddable":true,"href":"https:\/\/www.deporteseli.com\/index.php?rest_route=\/wp\/v2\/media\/53486"}],"wp:attachment":[{"href":"https:\/\/www.deporteseli.com\/index.php?rest_route=%2Fwp%2Fv2%2Fmedia&parent=39276"}],"wp:term":[{"taxonomy":"product_brand","embeddable":true,"href":"https:\/\/www.deporteseli.com\/index.php?rest_route=%2Fwp%2Fv2%2Fproduct_brand&post=39276"},{"taxonomy":"product_cat","embeddable":true,"href":"https:\/\/www.deporteseli.com\/index.php?rest_route=%2Fwp%2Fv2%2Fproduct_cat&post=39276"},{"taxonomy":"product_tag","embeddable":true,"href":"https:\/\/www.deporteseli.com\/index.php?rest_route=%2Fwp%2Fv2%2Fproduct_tag&post=39276"}],"curies":[{"name":"wp","href":"https:\/\/api.w.org\/{rel}","templated":true}]}}