{"id":39273,"date":"2026-01-27T18:27:48","date_gmt":"2026-01-27T18:27:48","guid":{"rendered":"https:\/\/www.deporteseli.com\/?product=munich-zapatillas-one-58"},"modified":"2026-01-27T18:27:52","modified_gmt":"2026-01-27T18:27:52","slug":"munich-zapatillas-one-58","status":"publish","type":"product","link":"https:\/\/www.deporteseli.com\/?product=munich-zapatillas-one-58","title":{"rendered":"MUNICH ZAPATILLAS ONE 58"},"content":{"rendered":"<p>T\u00f3malo como viene. El One Indoor es el entrenador de f\u00fatbol sala fabricado con una base de malla y refuerzos de material sint\u00e9tico. Incluye refuerzo TPU en el dedo para mayor resistencia, fuerza y firmeza al golpear.    Caracter\u00edsticas:    X-Lite Prisma:  &#8211; El sistema de bloqueo, la tecnolog\u00eda X-Lite y la distribuci\u00f3n \u00f3ptima de goma en la suela proporcionan un retorno de energ\u00eda ilimitado, aumentan la flexibilidad y reducen el peso del zapato, haci\u00e9ndolo s\u00faper ligero.    &#8211; El estabilizador TPU en el tal\u00f3n proporciona un mayor soporte del pie en movimientos laterales repentinos y el sistema anti-torsi\u00f3n en la zona del arco del pie proporciona la m\u00e1xima estabilidad.    &#8211; Base de malla   Material sint\u00e9tico  &#8211; Refuerzo TPU en el dedo y el tal\u00f3n  &#8211; Composici\u00f3n de la suela: Sistema de bloqueo   Tecnolog\u00eda X-Lite  &#8211; Sistema anti-torsi\u00f3n  &#8211; Cierre con cordones  &#8211; Leng\u00fceta acolchada  &#8211; Superficie: Interior                                                                                                                                                                                                                                                                                                                                                                                                                                                                                                                                                                                                                                                                                                                                                                                                                                                                                                                                                                                                                                        <\/p>\n","protected":false},"excerpt":{"rendered":"<p>MUNICH ZAPATILLAS ONE 58<\/p>\n","protected":false},"featured_media":53482,"template":"","meta":[],"product_brand":[],"product_cat":[323],"product_tag":[78],"class_list":{"0":"post-39273","1":"product","2":"type-product","3":"status-publish","4":"has-post-thumbnail","6":"product_cat-deportes_futbol_botas_sala","7":"product_tag-munich","8":"pa_color-unico","9":"pa_talla-153","10":"pa_talla-159","11":"thunk-woo-product-list","12":"opn-qv-enable","13":"open-woo-hover-","14":"open-single-product-tab-horizontal","15":"open-shadow-","16":"open-shadow-hover-","18":"first","19":"instock","20":"sale","21":"shipping-taxable","22":"purchasable","23":"product-type-variable"},"jetpack_sharing_enabled":true,"_links":{"self":[{"href":"https:\/\/www.deporteseli.com\/index.php?rest_route=\/wp\/v2\/product\/39273","targetHints":{"allow":["GET"]}}],"collection":[{"href":"https:\/\/www.deporteseli.com\/index.php?rest_route=\/wp\/v2\/product"}],"about":[{"href":"https:\/\/www.deporteseli.com\/index.php?rest_route=\/wp\/v2\/types\/product"}],"wp:featuredmedia":[{"embeddable":true,"href":"https:\/\/www.deporteseli.com\/index.php?rest_route=\/wp\/v2\/media\/53482"}],"wp:attachment":[{"href":"https:\/\/www.deporteseli.com\/index.php?rest_route=%2Fwp%2Fv2%2Fmedia&parent=39273"}],"wp:term":[{"taxonomy":"product_brand","embeddable":true,"href":"https:\/\/www.deporteseli.com\/index.php?rest_route=%2Fwp%2Fv2%2Fproduct_brand&post=39273"},{"taxonomy":"product_cat","embeddable":true,"href":"https:\/\/www.deporteseli.com\/index.php?rest_route=%2Fwp%2Fv2%2Fproduct_cat&post=39273"},{"taxonomy":"product_tag","embeddable":true,"href":"https:\/\/www.deporteseli.com\/index.php?rest_route=%2Fwp%2Fv2%2Fproduct_tag&post=39273"}],"curies":[{"name":"wp","href":"https:\/\/api.w.org\/{rel}","templated":true}]}}