{"id":39270,"date":"2026-01-27T18:27:44","date_gmt":"2026-01-27T18:27:44","guid":{"rendered":"https:\/\/www.deporteseli.com\/?product=botas-de-futbol-puma-king-match-mg"},"modified":"2026-01-27T18:27:46","modified_gmt":"2026-01-27T18:27:46","slug":"botas-de-futbol-puma-king-match-mg","status":"publish","type":"product","link":"https:\/\/www.deporteseli.com\/?product=botas-de-futbol-puma-king-match-mg","title":{"rendered":"BOTAS DE F\u00faTBOL PUMA KING MATCH MG"},"content":{"rendered":"<p>C\u00f3digo de producto:  107572-01  Fabricante:  Puma  Sexo:  unisex  Tipo de zapatillas:  Terreno Firme (FG), C\u00e9sped Artificial (AG)  Modelo:  Puma King  Deporte:  F\u00fatbol  Colecci\u00f3n de botas de f\u00fatbol:  Match  Tipo de bota:  Piel  Color:  negro  Colecci\u00f3n:  Puma KING Eclipse                                                                                                                                                                                                                                                                                                                                                                                                                                                                                                                                                                                                                                                                                                                                                                                                                                                                                                                                                                                                                                        <\/p>\n","protected":false},"excerpt":{"rendered":"<p>BOTAS DE F\u00faTBOL PUMA KING MATCH MG<\/p>\n","protected":false},"featured_media":53479,"template":"","meta":[],"product_brand":[],"product_cat":[318],"product_tag":[32],"class_list":{"0":"post-39270","1":"product","2":"type-product","3":"status-publish","4":"has-post-thumbnail","6":"product_cat-deportes_futbol_botas","7":"product_tag-puma","8":"pa_color-unico","9":"pa_talla-149","10":"pa_talla-159","11":"thunk-woo-product-list","12":"opn-qv-enable","13":"open-woo-hover-","14":"open-single-product-tab-horizontal","15":"open-shadow-","16":"open-shadow-hover-","18":"first","19":"instock","20":"sale","21":"shipping-taxable","22":"purchasable","23":"product-type-variable"},"jetpack_sharing_enabled":true,"_links":{"self":[{"href":"https:\/\/www.deporteseli.com\/index.php?rest_route=\/wp\/v2\/product\/39270","targetHints":{"allow":["GET"]}}],"collection":[{"href":"https:\/\/www.deporteseli.com\/index.php?rest_route=\/wp\/v2\/product"}],"about":[{"href":"https:\/\/www.deporteseli.com\/index.php?rest_route=\/wp\/v2\/types\/product"}],"wp:featuredmedia":[{"embeddable":true,"href":"https:\/\/www.deporteseli.com\/index.php?rest_route=\/wp\/v2\/media\/53479"}],"wp:attachment":[{"href":"https:\/\/www.deporteseli.com\/index.php?rest_route=%2Fwp%2Fv2%2Fmedia&parent=39270"}],"wp:term":[{"taxonomy":"product_brand","embeddable":true,"href":"https:\/\/www.deporteseli.com\/index.php?rest_route=%2Fwp%2Fv2%2Fproduct_brand&post=39270"},{"taxonomy":"product_cat","embeddable":true,"href":"https:\/\/www.deporteseli.com\/index.php?rest_route=%2Fwp%2Fv2%2Fproduct_cat&post=39270"},{"taxonomy":"product_tag","embeddable":true,"href":"https:\/\/www.deporteseli.com\/index.php?rest_route=%2Fwp%2Fv2%2Fproduct_tag&post=39270"}],"curies":[{"name":"wp","href":"https:\/\/api.w.org\/{rel}","templated":true}]}}