{"id":39266,"date":"2026-01-27T18:27:40","date_gmt":"2026-01-27T18:27:40","guid":{"rendered":"https:\/\/www.deporteseli.com\/?product=asics-jolt"},"modified":"2026-01-27T18:27:41","modified_gmt":"2026-01-27T18:27:41","slug":"asics-jolt","status":"publish","type":"product","link":"https:\/\/www.deporteseli.com\/?product=asics-jolt","title":{"rendered":"ASICS JOLT"},"content":{"rendered":"<p>La nueva zapatilla JOLT\u2122 4 est\u00e1 dise\u00f1ada para ayudarte a correr o caminar con mayor comodidad. Este calzado combina una entresuela AMPLIFOAM\u2122 con una suela exterior de goma s\u00f3lida para una mayor durabilidad. Inspir\u00e1ndose en nuestra serie GT de larga data, este entrenador ofrece un estilo cl\u00e1sico y un gran ajuste.    Para que esta edici\u00f3n sea a\u00fan m\u00e1s suave y se mueva mejor con el pie mientras corres, hemos dise\u00f1ado m\u00e1s ranuras flexibles en la suela exterior. La parte superior est\u00e1 reforzada con superposiciones cosidas. Por \u00faltimo, un ajuste m\u00e1s c\u00f3modo en el antepi\u00e9 y una plantilla suave ORTHOLITE\u2122 te ayudar\u00e1n a mantenerte c\u00f3modo durante todo el d\u00eda.                                                                                                                                                                                                                                                                                                                                                                                                                                                                                                                                                                                                                                                                                                                                                                                                                                                                                                                                                                                                                                        <\/p>\n","protected":false},"excerpt":{"rendered":"<p>ASICS JOLT<\/p>\n","protected":false},"featured_media":53475,"template":"","meta":[],"product_brand":[],"product_cat":[285],"product_tag":[19],"class_list":{"0":"post-39266","1":"product","2":"type-product","3":"status-publish","4":"has-post-thumbnail","6":"product_cat-mujer_calzado_running","7":"product_tag-asics","8":"pa_color-unico","9":"pa_talla-143","10":"thunk-woo-product-list","11":"opn-qv-enable","12":"open-woo-hover-","13":"open-single-product-tab-horizontal","14":"open-shadow-","15":"open-shadow-hover-","17":"first","18":"instock","19":"sale","20":"shipping-taxable","21":"purchasable","22":"product-type-variable"},"jetpack_sharing_enabled":true,"_links":{"self":[{"href":"https:\/\/www.deporteseli.com\/index.php?rest_route=\/wp\/v2\/product\/39266","targetHints":{"allow":["GET"]}}],"collection":[{"href":"https:\/\/www.deporteseli.com\/index.php?rest_route=\/wp\/v2\/product"}],"about":[{"href":"https:\/\/www.deporteseli.com\/index.php?rest_route=\/wp\/v2\/types\/product"}],"wp:featuredmedia":[{"embeddable":true,"href":"https:\/\/www.deporteseli.com\/index.php?rest_route=\/wp\/v2\/media\/53475"}],"wp:attachment":[{"href":"https:\/\/www.deporteseli.com\/index.php?rest_route=%2Fwp%2Fv2%2Fmedia&parent=39266"}],"wp:term":[{"taxonomy":"product_brand","embeddable":true,"href":"https:\/\/www.deporteseli.com\/index.php?rest_route=%2Fwp%2Fv2%2Fproduct_brand&post=39266"},{"taxonomy":"product_cat","embeddable":true,"href":"https:\/\/www.deporteseli.com\/index.php?rest_route=%2Fwp%2Fv2%2Fproduct_cat&post=39266"},{"taxonomy":"product_tag","embeddable":true,"href":"https:\/\/www.deporteseli.com\/index.php?rest_route=%2Fwp%2Fv2%2Fproduct_tag&post=39266"}],"curies":[{"name":"wp","href":"https:\/\/api.w.org\/{rel}","templated":true}]}}