{"id":39261,"date":"2026-01-27T18:27:32","date_gmt":"2026-01-27T18:27:32","guid":{"rendered":"https:\/\/www.deporteseli.com\/?product=balon-de-baloncesto-all-court-3-0"},"modified":"2026-03-28T05:18:56","modified_gmt":"2026-03-28T05:18:56","slug":"balon-de-baloncesto-all-court-3-0","status":"publish","type":"product","link":"https:\/\/www.deporteseli.com\/?product=balon-de-baloncesto-all-court-3-0","title":{"rendered":"BAL\u00f3N DE BALONCESTO ALL COURT 3.0"},"content":{"rendered":"<p>ANOTA TUS MEJORES TANTOS  Perfecciona tus lanzamientos a canasta. Este bal\u00f3n de baloncesto adidas se ha dise\u00f1ado para jugar en pabellones y en canchas al aire libre. Presenta una cubierta resistente y un tacto suave que te ofrecen la precisi\u00f3n que necesita tu juego.  Piel sint\u00e9tica 100% poliuretano  Dise\u00f1ado para jugar en pabellones o al aire libre  Cubierta resistente  C\u00e1mara de caucho resistente  Logotipo de adidas estampado  Es necesario inflarlo  Color del art\u00edculo: Basketball Natural \/ Black  N\u00famero de art\u00edculo: HM4975                                                                                                                                                                                                                                                                                                                                                                                                                                                                                                                                                                                                                                                                                                                                                                                                                                                                                                                                                                                                                                        <\/p>\n","protected":false},"excerpt":{"rendered":"<p>BAL\u00f3N DE BALONCESTO ALL COURT 3.0<\/p>\n","protected":false},"featured_media":53469,"template":"","meta":[],"product_brand":[],"product_cat":[347],"product_tag":[18],"class_list":{"0":"post-39261","1":"product","2":"type-product","3":"status-publish","4":"has-post-thumbnail","6":"product_cat-deportes_balones","7":"product_tag-adidas","8":"pa_color-unico","9":"pa_talla-169","10":"pa_talla-170","11":"pa_talla-171","12":"thunk-woo-product-list","13":"opn-qv-enable","14":"open-woo-hover-","15":"open-single-product-tab-horizontal","16":"open-shadow-","17":"open-shadow-hover-","19":"first","20":"instock","21":"shipping-taxable","22":"purchasable","23":"product-type-variable"},"jetpack_sharing_enabled":true,"_links":{"self":[{"href":"https:\/\/www.deporteseli.com\/index.php?rest_route=\/wp\/v2\/product\/39261","targetHints":{"allow":["GET"]}}],"collection":[{"href":"https:\/\/www.deporteseli.com\/index.php?rest_route=\/wp\/v2\/product"}],"about":[{"href":"https:\/\/www.deporteseli.com\/index.php?rest_route=\/wp\/v2\/types\/product"}],"wp:featuredmedia":[{"embeddable":true,"href":"https:\/\/www.deporteseli.com\/index.php?rest_route=\/wp\/v2\/media\/53469"}],"wp:attachment":[{"href":"https:\/\/www.deporteseli.com\/index.php?rest_route=%2Fwp%2Fv2%2Fmedia&parent=39261"}],"wp:term":[{"taxonomy":"product_brand","embeddable":true,"href":"https:\/\/www.deporteseli.com\/index.php?rest_route=%2Fwp%2Fv2%2Fproduct_brand&post=39261"},{"taxonomy":"product_cat","embeddable":true,"href":"https:\/\/www.deporteseli.com\/index.php?rest_route=%2Fwp%2Fv2%2Fproduct_cat&post=39261"},{"taxonomy":"product_tag","embeddable":true,"href":"https:\/\/www.deporteseli.com\/index.php?rest_route=%2Fwp%2Fv2%2Fproduct_tag&post=39261"}],"curies":[{"name":"wp","href":"https:\/\/api.w.org\/{rel}","templated":true}]}}