{"id":39259,"date":"2026-01-27T18:27:28","date_gmt":"2026-01-27T18:27:28","guid":{"rendered":"https:\/\/www.deporteseli.com\/?product=mochila-essentials-linear-2"},"modified":"2026-01-27T18:27:32","modified_gmt":"2026-01-27T18:27:32","slug":"mochila-essentials-linear-2","status":"publish","type":"product","link":"https:\/\/www.deporteseli.com\/?product=mochila-essentials-linear-2","title":{"rendered":"MOCHILA ESSENTIALS LINEAR"},"content":{"rendered":"<p>C\u00c1RGATE DE COMODIDAD Y ESTILO  Para desplazamientos largos y aventuras cortas. Esta mochila adidas cuenta con una base resistente que protege todas tus cosas. Incluye un bolsillo frontal oculto con cremallera para las tarjetas y bolsillos laterales de malla para otros peque\u00f1os objetos que se necesita tener cerca.    Este producto se ha fabricado con diferentes materiales t\u00e9cnicos y contiene al menos un 40% de material reciclado. Su objetivo es plantear otra soluci\u00f3n m\u00e1s que ayude a eliminar los residuos pl\u00e1sticos.  Dimensiones: 14 cm x 26,5 cm x 46 cm  Capacidad: 22,5 l  Exterior y forro: tejido t\u00e9cnico 100% poli\u00e9ster reciclado  Acolchado: espuma 100% PE  Compartimento principal con cremallera  Bolsillos laterales sin cierre y bolsillo frontal oculto con cremallera  Correas ajustables para los hombros  Base revestida  Color del art\u00edculo: Olive Strata \/ Black \/ White  N\u00famero de art\u00edculo: HR5344                                                                                                                                                                                                                                                                                                                                                                                                                                                                                                                                                                                                                                                                                                                                                                                                                                                                                                                                                                                                                                        <\/p>\n","protected":false},"excerpt":{"rendered":"<p>MOCHILA ESSENTIALS LINEAR<\/p>\n","protected":false},"featured_media":53466,"template":"","meta":[],"product_brand":[],"product_cat":[401],"product_tag":[18],"class_list":{"0":"post-39259","1":"product","2":"type-product","3":"status-publish","4":"has-post-thumbnail","6":"product_cat-accesorios_mochilas","7":"product_tag-adidas","8":"pa_color-unico","9":"pa_talla-unica","10":"thunk-woo-product-list","11":"opn-qv-enable","12":"open-woo-hover-","13":"open-single-product-tab-horizontal","14":"open-shadow-","15":"open-shadow-hover-","17":"first","18":"instock","19":"shipping-taxable","20":"purchasable","21":"product-type-variable"},"jetpack_sharing_enabled":true,"_links":{"self":[{"href":"https:\/\/www.deporteseli.com\/index.php?rest_route=\/wp\/v2\/product\/39259","targetHints":{"allow":["GET"]}}],"collection":[{"href":"https:\/\/www.deporteseli.com\/index.php?rest_route=\/wp\/v2\/product"}],"about":[{"href":"https:\/\/www.deporteseli.com\/index.php?rest_route=\/wp\/v2\/types\/product"}],"wp:featuredmedia":[{"embeddable":true,"href":"https:\/\/www.deporteseli.com\/index.php?rest_route=\/wp\/v2\/media\/53466"}],"wp:attachment":[{"href":"https:\/\/www.deporteseli.com\/index.php?rest_route=%2Fwp%2Fv2%2Fmedia&parent=39259"}],"wp:term":[{"taxonomy":"product_brand","embeddable":true,"href":"https:\/\/www.deporteseli.com\/index.php?rest_route=%2Fwp%2Fv2%2Fproduct_brand&post=39259"},{"taxonomy":"product_cat","embeddable":true,"href":"https:\/\/www.deporteseli.com\/index.php?rest_route=%2Fwp%2Fv2%2Fproduct_cat&post=39259"},{"taxonomy":"product_tag","embeddable":true,"href":"https:\/\/www.deporteseli.com\/index.php?rest_route=%2Fwp%2Fv2%2Fproduct_tag&post=39259"}],"curies":[{"name":"wp","href":"https:\/\/api.w.org\/{rel}","templated":true}]}}