{"id":39255,"date":"2026-01-27T18:27:23","date_gmt":"2026-01-27T18:27:23","guid":{"rendered":"https:\/\/www.deporteseli.com\/?product=zapatillas-adidas-vs-switch-3-cf-i-infantil"},"modified":"2026-02-20T05:17:49","modified_gmt":"2026-02-20T05:17:49","slug":"zapatillas-adidas-vs-switch-3-cf-i-infantil","status":"publish","type":"product","link":"https:\/\/www.deporteseli.com\/?product=zapatillas-adidas-vs-switch-3-cf-i-infantil","title":{"rendered":"ZAPATILLAS ADIDAS VS SWITCH 3 CF I INFANTIL"},"content":{"rendered":"<p>adidas Zapatillas adidas Vs Switch 3 Cf I Infantil  DESCRIPCI\u00d3N  Estas zapatillas Adidas Vs Switch 3 Cf I Infantil son perfectas para los m\u00e1s peque\u00f1os. Con un c\u00f3modo cierre de velcro, son f\u00e1ciles de poner y quitar. Adem\u00e1s, su forro textil y su suela de goma aseguran una gran comodidad para los pies de los ni\u00f1os mientras juegan. Fabricadas con materiales sint\u00e9ticos de alta calidad, estas zapatillas tienen un dise\u00f1o moderno y atractivo en blanco y negro.  Haz que tus hijos luzcan a la moda y c\u00f3modos con estas zapatillas de casual para infantil de Adidas!  CARACTER\u00cdSTICAS  Cierre de velcro  Forro textil  Suela de goma  Composici\u00f3n del material sint\u00e9tico  Color del producto: Blanco\/Negro                                                                                                                                                                                                                                                                                                                                                                                                                                                                                                                                                                                                                                                                                                                                                                                                                                                                                                                                                                                                                                        <\/p>\n","protected":false},"excerpt":{"rendered":"<p>ZAPATILLAS ADIDAS VS SWITCH 3 CF I INFANTIL<\/p>\n","protected":false},"featured_media":53462,"template":"","meta":[],"product_brand":[],"product_cat":[237],"product_tag":[18],"class_list":{"0":"post-39255","1":"product","2":"type-product","3":"status-publish","4":"has-post-thumbnail","6":"product_cat-outlet_calzado","7":"product_tag-adidas","8":"pa_color-unico","9":"pa_talla-113","10":"pa_talla-t-20","11":"pa_talla-t-21","12":"thunk-woo-product-list","13":"opn-qv-enable","14":"open-woo-hover-","15":"open-single-product-tab-horizontal","16":"open-shadow-","17":"open-shadow-hover-","19":"first","20":"instock","21":"shipping-taxable","22":"purchasable","23":"product-type-variable"},"jetpack_sharing_enabled":true,"_links":{"self":[{"href":"https:\/\/www.deporteseli.com\/index.php?rest_route=\/wp\/v2\/product\/39255","targetHints":{"allow":["GET"]}}],"collection":[{"href":"https:\/\/www.deporteseli.com\/index.php?rest_route=\/wp\/v2\/product"}],"about":[{"href":"https:\/\/www.deporteseli.com\/index.php?rest_route=\/wp\/v2\/types\/product"}],"wp:featuredmedia":[{"embeddable":true,"href":"https:\/\/www.deporteseli.com\/index.php?rest_route=\/wp\/v2\/media\/53462"}],"wp:attachment":[{"href":"https:\/\/www.deporteseli.com\/index.php?rest_route=%2Fwp%2Fv2%2Fmedia&parent=39255"}],"wp:term":[{"taxonomy":"product_brand","embeddable":true,"href":"https:\/\/www.deporteseli.com\/index.php?rest_route=%2Fwp%2Fv2%2Fproduct_brand&post=39255"},{"taxonomy":"product_cat","embeddable":true,"href":"https:\/\/www.deporteseli.com\/index.php?rest_route=%2Fwp%2Fv2%2Fproduct_cat&post=39255"},{"taxonomy":"product_tag","embeddable":true,"href":"https:\/\/www.deporteseli.com\/index.php?rest_route=%2Fwp%2Fv2%2Fproduct_tag&post=39255"}],"curies":[{"name":"wp","href":"https:\/\/api.w.org\/{rel}","templated":true}]}}