{"id":39247,"date":"2026-01-27T18:27:12","date_gmt":"2026-01-27T18:27:12","guid":{"rendered":"https:\/\/www.deporteseli.com\/?product=balon-de-baloncesto-rubber-x3-3-bandas"},"modified":"2026-04-11T04:17:26","modified_gmt":"2026-04-11T04:17:26","slug":"balon-de-baloncesto-rubber-x3-3-bandas","status":"publish","type":"product","link":"https:\/\/www.deporteseli.com\/?product=balon-de-baloncesto-rubber-x3-3-bandas","title":{"rendered":"BAL\u00f3N DE BALONCESTO RUBBER X3 3 BANDAS"},"content":{"rendered":"<p>ANOTA TUS MEJORES TANTOS  Prep\u00e1rate para deslumbrar. Este bal\u00f3n de baloncesto adidas es perfecto para entrenar o jugar partidillos con amigos en pabellones y canchas al aire libre. La cubierta de caucho resistente te ofrece un tacto suave en cada bote y cada pase. Las 3 bandas envolventes le confieren un estilo exclusivo.  Talla: 7  Caucho resistente  C\u00e1mara de butilo  3 bandas y logotipo de adidas estampados  Es necesario inflarlo  Color del art\u00edculo: Basketball Natural \/ Black \/ Gold Metallic  N\u00famero de art\u00edculo: HM4970                                                                                                                                                                                                                                                                                                                                                                                                                                                                                                                                                                                                                                                                                                                                                                                                                                                                                                                                                                                                                                        <\/p>\n","protected":false},"excerpt":{"rendered":"<p>BAL\u00f3N DE BALONCESTO RUBBER X3 3 BANDAS<\/p>\n","protected":false},"featured_media":53452,"template":"","meta":[],"product_brand":[],"product_cat":[347],"product_tag":[18],"class_list":{"0":"post-39247","1":"product","2":"type-product","3":"status-publish","4":"has-post-thumbnail","6":"product_cat-deportes_balones","7":"product_tag-adidas","8":"pa_color-unico","9":"pa_talla-169","10":"pa_talla-170","11":"pa_talla-171","12":"thunk-woo-product-list","13":"opn-qv-enable","14":"open-woo-hover-","15":"open-single-product-tab-horizontal","16":"open-shadow-","17":"open-shadow-hover-","19":"first","20":"instock","21":"shipping-taxable","22":"purchasable","23":"product-type-variable"},"jetpack_sharing_enabled":true,"_links":{"self":[{"href":"https:\/\/www.deporteseli.com\/index.php?rest_route=\/wp\/v2\/product\/39247","targetHints":{"allow":["GET"]}}],"collection":[{"href":"https:\/\/www.deporteseli.com\/index.php?rest_route=\/wp\/v2\/product"}],"about":[{"href":"https:\/\/www.deporteseli.com\/index.php?rest_route=\/wp\/v2\/types\/product"}],"wp:featuredmedia":[{"embeddable":true,"href":"https:\/\/www.deporteseli.com\/index.php?rest_route=\/wp\/v2\/media\/53452"}],"wp:attachment":[{"href":"https:\/\/www.deporteseli.com\/index.php?rest_route=%2Fwp%2Fv2%2Fmedia&parent=39247"}],"wp:term":[{"taxonomy":"product_brand","embeddable":true,"href":"https:\/\/www.deporteseli.com\/index.php?rest_route=%2Fwp%2Fv2%2Fproduct_brand&post=39247"},{"taxonomy":"product_cat","embeddable":true,"href":"https:\/\/www.deporteseli.com\/index.php?rest_route=%2Fwp%2Fv2%2Fproduct_cat&post=39247"},{"taxonomy":"product_tag","embeddable":true,"href":"https:\/\/www.deporteseli.com\/index.php?rest_route=%2Fwp%2Fv2%2Fproduct_tag&post=39247"}],"curies":[{"name":"wp","href":"https:\/\/api.w.org\/{rel}","templated":true}]}}