{"id":39245,"date":"2026-01-27T18:27:10","date_gmt":"2026-01-27T18:27:10","guid":{"rendered":"https:\/\/www.deporteseli.com\/?product=balon-de-entrenamiento-oceaunz"},"modified":"2026-01-27T18:27:11","modified_gmt":"2026-01-27T18:27:11","slug":"balon-de-entrenamiento-oceaunz","status":"publish","type":"product","link":"https:\/\/www.deporteseli.com\/?product=balon-de-entrenamiento-oceaunz","title":{"rendered":"BAL\u00f3N DE ENTRENAMIENTO OCEAUNZ"},"content":{"rendered":"<p>ENTRENA CON EL ESTILO DE LA COPA MUNDIAL  Este bal\u00f3n de f\u00fatbol adidas Oceaunz traslada la emoci\u00f3n que se respira durante la Copa Mundial Femenina de la FIFA\u2122 a tus entrenamientos. El dise\u00f1o cosido a m\u00e1quina y la cubierta de TPU garantizan un toque suave y una gran resistencia al desgaste. Su llamativo estampado se inspira en el bal\u00f3n oficial usado en Nueva Zelanda y Australia.  Cubierta 100% TPU  C\u00e1mara de butilo  Cosido a m\u00e1quina  Logotipo de la Copa Mundial Femenina de la FIFA\u2122 estampado  Es necesario inflarlo  Color del art\u00edculo: White \/ Collegiate Navy \/ Bright Blue \/ Silver Metallic  N\u00famero de art\u00edculo: HT9014                                                                                                                                                                                                                                                                                                                                                                                                                                                                                                                                                                                                                                                                                                                                                                                                                                                                                                                                                                                                                                        <\/p>\n","protected":false},"excerpt":{"rendered":"<p>BAL\u00f3N DE ENTRENAMIENTO OCEAUNZ<\/p>\n","protected":false},"featured_media":53449,"template":"","meta":[],"product_brand":[],"product_cat":[347],"product_tag":[18],"class_list":{"0":"post-39245","1":"product","2":"type-product","3":"status-publish","4":"has-post-thumbnail","6":"product_cat-deportes_balones","7":"product_tag-adidas","8":"pa_color-unico","9":"pa_talla-169","10":"thunk-woo-product-list","11":"opn-qv-enable","12":"open-woo-hover-","13":"open-single-product-tab-horizontal","14":"open-shadow-","15":"open-shadow-hover-","17":"first","18":"instock","19":"shipping-taxable","20":"purchasable","21":"product-type-variable"},"jetpack_sharing_enabled":true,"_links":{"self":[{"href":"https:\/\/www.deporteseli.com\/index.php?rest_route=\/wp\/v2\/product\/39245","targetHints":{"allow":["GET"]}}],"collection":[{"href":"https:\/\/www.deporteseli.com\/index.php?rest_route=\/wp\/v2\/product"}],"about":[{"href":"https:\/\/www.deporteseli.com\/index.php?rest_route=\/wp\/v2\/types\/product"}],"wp:featuredmedia":[{"embeddable":true,"href":"https:\/\/www.deporteseli.com\/index.php?rest_route=\/wp\/v2\/media\/53449"}],"wp:attachment":[{"href":"https:\/\/www.deporteseli.com\/index.php?rest_route=%2Fwp%2Fv2%2Fmedia&parent=39245"}],"wp:term":[{"taxonomy":"product_brand","embeddable":true,"href":"https:\/\/www.deporteseli.com\/index.php?rest_route=%2Fwp%2Fv2%2Fproduct_brand&post=39245"},{"taxonomy":"product_cat","embeddable":true,"href":"https:\/\/www.deporteseli.com\/index.php?rest_route=%2Fwp%2Fv2%2Fproduct_cat&post=39245"},{"taxonomy":"product_tag","embeddable":true,"href":"https:\/\/www.deporteseli.com\/index.php?rest_route=%2Fwp%2Fv2%2Fproduct_tag&post=39245"}],"curies":[{"name":"wp","href":"https:\/\/api.w.org\/{rel}","templated":true}]}}