{"id":39239,"date":"2026-01-27T18:27:02","date_gmt":"2026-01-27T18:27:02","guid":{"rendered":"https:\/\/www.deporteseli.com\/?product=zapatilla-vs-switch-3"},"modified":"2026-02-13T10:51:29","modified_gmt":"2026-02-13T10:51:29","slug":"zapatilla-vs-switch-3","status":"publish","type":"product","link":"https:\/\/www.deporteseli.com\/?product=zapatilla-vs-switch-3","title":{"rendered":"ZAPATILLA VS SWITCH 3"},"content":{"rendered":"<p>CONFORT PARA SU D\u00cdA A D\u00cdA  Los peques se mueven a una velocidad asombrosa. Esta zapatilla adapta el estilo del running para los peques m\u00e1s activos. La suela de goma resistente y de gran agarre le ofrece seguridad a cada paso. El cierre ajustable de velcro proporciona un ajuste a medida.    La parte superior contiene al menos un 50% de materiales reciclados. Su objetivo es plantear otra soluci\u00f3n m\u00e1s que ayude a eliminar los residuos pl\u00e1sticos.  Horma cl\u00e1sica  Cierre de velcro  Parte superior sint\u00e9tica  Forro textil  Suela de goma  La parte superior contiene al menos un 50% de material reciclado  Color del art\u00edculo: Core Black \/ Cloud White \/ Vivid Red  N\u00famero de art\u00edculo: GW6607                                                                                                                                                                                                                                                                                                                                                                                                                                                                                                                                                                                                                                                                                                                                                                                                                                                                                                                                                                                                                                        <\/p>\n","protected":false},"excerpt":{"rendered":"<p>ZAPATILLA VS SWITCH 3<\/p>\n","protected":false},"featured_media":53438,"template":"","meta":[],"product_brand":[],"product_cat":[237],"product_tag":[18],"class_list":{"0":"post-39239","1":"product","2":"type-product","3":"status-publish","4":"has-post-thumbnail","6":"product_cat-outlet_calzado","7":"product_tag-adidas","8":"pa_color-unico","9":"pa_talla-t-20","10":"thunk-woo-product-list","11":"opn-qv-enable","12":"open-woo-hover-","13":"open-single-product-tab-horizontal","14":"open-shadow-","15":"open-shadow-hover-","17":"first","18":"instock","19":"shipping-taxable","20":"purchasable","21":"product-type-variable"},"jetpack_sharing_enabled":true,"_links":{"self":[{"href":"https:\/\/www.deporteseli.com\/index.php?rest_route=\/wp\/v2\/product\/39239","targetHints":{"allow":["GET"]}}],"collection":[{"href":"https:\/\/www.deporteseli.com\/index.php?rest_route=\/wp\/v2\/product"}],"about":[{"href":"https:\/\/www.deporteseli.com\/index.php?rest_route=\/wp\/v2\/types\/product"}],"wp:featuredmedia":[{"embeddable":true,"href":"https:\/\/www.deporteseli.com\/index.php?rest_route=\/wp\/v2\/media\/53438"}],"wp:attachment":[{"href":"https:\/\/www.deporteseli.com\/index.php?rest_route=%2Fwp%2Fv2%2Fmedia&parent=39239"}],"wp:term":[{"taxonomy":"product_brand","embeddable":true,"href":"https:\/\/www.deporteseli.com\/index.php?rest_route=%2Fwp%2Fv2%2Fproduct_brand&post=39239"},{"taxonomy":"product_cat","embeddable":true,"href":"https:\/\/www.deporteseli.com\/index.php?rest_route=%2Fwp%2Fv2%2Fproduct_cat&post=39239"},{"taxonomy":"product_tag","embeddable":true,"href":"https:\/\/www.deporteseli.com\/index.php?rest_route=%2Fwp%2Fv2%2Fproduct_tag&post=39239"}],"curies":[{"name":"wp","href":"https:\/\/api.w.org\/{rel}","templated":true}]}}