{"id":39236,"date":"2026-01-27T18:26:58","date_gmt":"2026-01-27T18:26:58","guid":{"rendered":"https:\/\/www.deporteseli.com\/?product=zapatilla-runfalcon-3"},"modified":"2026-02-13T17:12:25","modified_gmt":"2026-02-13T17:12:25","slug":"zapatilla-runfalcon-3","status":"publish","type":"product","link":"https:\/\/www.deporteseli.com\/?product=zapatilla-runfalcon-3","title":{"rendered":"ZAPATILLA RUNFALCON 3"},"content":{"rendered":"<p>PERFECTA PARA TU ESTILO DE VIDA ACTIVO  Ponte esta vers\u00e1til zapatilla de running adidas para correr en el parque y despu\u00e9s tomar un caf\u00e9 con tus amigos. Su mediasuela Cloudfoam te ofrece una pisada c\u00f3moda nada m\u00e1s pon\u00e9rtela. Presenta una parte superior textil c\u00f3moda y transpirable y una suela de goma que proporciona un excelente agarre.    La parte superior contiene al menos un 50% de materiales reciclados. Su objetivo es plantear otra soluci\u00f3n m\u00e1s que ayude a eliminar los residuos pl\u00e1sticos.  Horma cl\u00e1sica  Cierre de cordones  Parte superior textil  Mediasuela Cloudfoam  Forro textil  Peso: 461,5 g (talla 38 2\/3)  Drop: 9 mm (tal\u00f3n: 25 mm \/ antepi\u00e9: 16 mm)  Suela de goma  La parte superior contiene al menos un 50% de material reciclado  Color del art\u00edculo: Cloud White \/ Cloud White \/ Core Black  N\u00famero de art\u00edculo: HP7559                                                                                                                                                                                                                                                                                                                                                                                                                                                                                                                                                                                                                                                                                                                                                                                                                                                                                                                                                                                                                                        <\/p>\n","protected":false},"excerpt":{"rendered":"<p>ZAPATILLA RUNFALCON 3<\/p>\n","protected":false},"featured_media":53433,"template":"","meta":[],"product_brand":[],"product_cat":[237],"product_tag":[18],"class_list":{"0":"post-39236","1":"product","2":"type-product","3":"status-publish","4":"has-post-thumbnail","6":"product_cat-outlet_calzado","7":"product_tag-adidas","8":"pa_color-unico","9":"pa_talla-37-5","10":"pa_talla-38-5","11":"thunk-woo-product-list","12":"opn-qv-enable","13":"open-woo-hover-","14":"open-single-product-tab-horizontal","15":"open-shadow-","16":"open-shadow-hover-","18":"first","19":"instock","20":"sale","21":"shipping-taxable","22":"purchasable","23":"product-type-variable"},"jetpack_sharing_enabled":true,"_links":{"self":[{"href":"https:\/\/www.deporteseli.com\/index.php?rest_route=\/wp\/v2\/product\/39236","targetHints":{"allow":["GET"]}}],"collection":[{"href":"https:\/\/www.deporteseli.com\/index.php?rest_route=\/wp\/v2\/product"}],"about":[{"href":"https:\/\/www.deporteseli.com\/index.php?rest_route=\/wp\/v2\/types\/product"}],"wp:featuredmedia":[{"embeddable":true,"href":"https:\/\/www.deporteseli.com\/index.php?rest_route=\/wp\/v2\/media\/53433"}],"wp:attachment":[{"href":"https:\/\/www.deporteseli.com\/index.php?rest_route=%2Fwp%2Fv2%2Fmedia&parent=39236"}],"wp:term":[{"taxonomy":"product_brand","embeddable":true,"href":"https:\/\/www.deporteseli.com\/index.php?rest_route=%2Fwp%2Fv2%2Fproduct_brand&post=39236"},{"taxonomy":"product_cat","embeddable":true,"href":"https:\/\/www.deporteseli.com\/index.php?rest_route=%2Fwp%2Fv2%2Fproduct_cat&post=39236"},{"taxonomy":"product_tag","embeddable":true,"href":"https:\/\/www.deporteseli.com\/index.php?rest_route=%2Fwp%2Fv2%2Fproduct_tag&post=39236"}],"curies":[{"name":"wp","href":"https:\/\/api.w.org\/{rel}","templated":true}]}}