{"id":39226,"date":"2026-01-27T18:26:47","date_gmt":"2026-01-27T18:26:47","guid":{"rendered":"https:\/\/www.deporteseli.com\/?product=zapatilla-de-futbol-predator-accuracy-3"},"modified":"2026-03-08T05:17:43","modified_gmt":"2026-03-08T05:17:43","slug":"zapatilla-de-futbol-predator-accuracy-3","status":"publish","type":"product","link":"https:\/\/www.deporteseli.com\/?product=zapatilla-de-futbol-predator-accuracy-3","title":{"rendered":"ZAPATILLA DE F\u00faTBOL PREDATOR ACCURACY.3"},"content":{"rendered":"<p>GANAR ES EL TRATO  Control y precisi\u00f3n para una mayor confianza. La adidas Predator Accuracy te brinda el nivel de perfecci\u00f3n que necesitas para introducir el bal\u00f3n por la escuadra. Esta zapatilla de f\u00fatbol para j\u00f3venes promesas presenta una parte superior sint\u00e9tica y suave con un acabado texturizado con tecnolog\u00eda High Definition Texture en la zona de golpeo. Una mezcla de detalles grabados y un estampado en relieve te ayuda a clavar cada pase y tiro a puerta. La suela de goma estriada te permite dominar el juego en campos de moqueta.  Horma cl\u00e1sica  Cierre de cordones  Parte superior sint\u00e9tica de media ca\u00f1a  Textura en relieve para un toque m\u00e1s suave  Suela de goma para campos de moqueta  Color del art\u00edculo: Core Black \/ Core Black \/ Cloud White  N\u00famero de art\u00edculo: GW7080                                                                                                                                                                                                                                                                                                                                                                                                                                                                                                                                                                                                                                                                                                                                                                                                                                                                                                                                                                                                                                        <\/p>\n","protected":false},"excerpt":{"rendered":"<p>ZAPATILLA DE F\u00faTBOL PREDATOR ACCURACY.3<\/p>\n","protected":false},"featured_media":53428,"template":"","meta":[],"product_brand":[],"product_cat":[318],"product_tag":[18],"class_list":{"0":"post-39226","1":"product","2":"type-product","3":"status-publish","4":"has-post-thumbnail","6":"product_cat-deportes_futbol_botas","7":"product_tag-adidas","8":"pa_color-unico","9":"pa_talla-125","10":"pa_talla-127","11":"pa_talla-129","12":"pa_talla-135","13":"pa_talla-137","14":"pa_talla-141","15":"pa_talla-37-5","16":"pa_talla-145","17":"pa_talla-38-5","18":"thunk-woo-product-list","19":"opn-qv-enable","20":"open-woo-hover-","21":"open-single-product-tab-horizontal","22":"open-shadow-","23":"open-shadow-hover-","25":"first","26":"instock","27":"sale","28":"shipping-taxable","29":"purchasable","30":"product-type-variable"},"jetpack_sharing_enabled":true,"_links":{"self":[{"href":"https:\/\/www.deporteseli.com\/index.php?rest_route=\/wp\/v2\/product\/39226","targetHints":{"allow":["GET"]}}],"collection":[{"href":"https:\/\/www.deporteseli.com\/index.php?rest_route=\/wp\/v2\/product"}],"about":[{"href":"https:\/\/www.deporteseli.com\/index.php?rest_route=\/wp\/v2\/types\/product"}],"wp:featuredmedia":[{"embeddable":true,"href":"https:\/\/www.deporteseli.com\/index.php?rest_route=\/wp\/v2\/media\/53428"}],"wp:attachment":[{"href":"https:\/\/www.deporteseli.com\/index.php?rest_route=%2Fwp%2Fv2%2Fmedia&parent=39226"}],"wp:term":[{"taxonomy":"product_brand","embeddable":true,"href":"https:\/\/www.deporteseli.com\/index.php?rest_route=%2Fwp%2Fv2%2Fproduct_brand&post=39226"},{"taxonomy":"product_cat","embeddable":true,"href":"https:\/\/www.deporteseli.com\/index.php?rest_route=%2Fwp%2Fv2%2Fproduct_cat&post=39226"},{"taxonomy":"product_tag","embeddable":true,"href":"https:\/\/www.deporteseli.com\/index.php?rest_route=%2Fwp%2Fv2%2Fproduct_tag&post=39226"}],"curies":[{"name":"wp","href":"https:\/\/api.w.org\/{rel}","templated":true}]}}