{"id":39224,"date":"2026-01-27T18:26:45","date_gmt":"2026-01-27T18:26:45","guid":{"rendered":"https:\/\/www.deporteseli.com\/?product=camiseta-essentials-single-jersey-3"},"modified":"2026-03-07T05:32:34","modified_gmt":"2026-03-07T05:32:34","slug":"camiseta-essentials-single-jersey-3","status":"publish","type":"product","link":"https:\/\/www.deporteseli.com\/?product=camiseta-essentials-single-jersey-3","title":{"rendered":"CAMISETA ESSENTIALS SINGLE JERSEY 3"},"content":{"rendered":"<p>APUESTA POR UN ESTILO AUT\u00c9NTICO  De vez en cuando, es bueno tomarse un descanso, y con esta camiseta adidas lograr\u00e1s hacerlo con todo el confort del mundo. Las emblem\u00e1ticas 3 bandas en ambas mangas demuestran tu pasi\u00f3n por adidas, ya sea en una quedada con amigos o un paseo por la ciudad. Su estilo sencillo a la vez que elegante te permite combinarla con cualquier prenda de tu armario.  Corte cl\u00e1sico  Cuello redondo  100% algod\u00f3n  Producto creado en colaboraci\u00f3n con Better Cotton  Color del art\u00edculo: Medium Grey Heather \/ White  N\u00famero de art\u00edculo: IC9337                                                                                                                                                                                                                                                                                                                                                                                                                                                                                                                                                                                                                                                                                                                                                                                                                                                                                                                                                                                                                                        <\/p>\n","protected":false},"excerpt":{"rendered":"<p>CAMISETA ESSENTIALS SINGLE JERSEY 3<\/p>\n","protected":false},"featured_media":53426,"template":"","meta":[],"product_brand":[],"product_cat":[245],"product_tag":[18],"class_list":{"0":"post-39224","1":"product","2":"type-product","3":"status-publish","4":"has-post-thumbnail","6":"product_cat-hombre_textil_camisetas","7":"product_tag-adidas","8":"pa_color-unico","9":"pa_talla-s","10":"thunk-woo-product-list","11":"opn-qv-enable","12":"open-woo-hover-","13":"open-single-product-tab-horizontal","14":"open-shadow-","15":"open-shadow-hover-","17":"first","18":"instock","19":"shipping-taxable","20":"purchasable","21":"product-type-variable"},"jetpack_sharing_enabled":true,"_links":{"self":[{"href":"https:\/\/www.deporteseli.com\/index.php?rest_route=\/wp\/v2\/product\/39224","targetHints":{"allow":["GET"]}}],"collection":[{"href":"https:\/\/www.deporteseli.com\/index.php?rest_route=\/wp\/v2\/product"}],"about":[{"href":"https:\/\/www.deporteseli.com\/index.php?rest_route=\/wp\/v2\/types\/product"}],"wp:featuredmedia":[{"embeddable":true,"href":"https:\/\/www.deporteseli.com\/index.php?rest_route=\/wp\/v2\/media\/53426"}],"wp:attachment":[{"href":"https:\/\/www.deporteseli.com\/index.php?rest_route=%2Fwp%2Fv2%2Fmedia&parent=39224"}],"wp:term":[{"taxonomy":"product_brand","embeddable":true,"href":"https:\/\/www.deporteseli.com\/index.php?rest_route=%2Fwp%2Fv2%2Fproduct_brand&post=39224"},{"taxonomy":"product_cat","embeddable":true,"href":"https:\/\/www.deporteseli.com\/index.php?rest_route=%2Fwp%2Fv2%2Fproduct_cat&post=39224"},{"taxonomy":"product_tag","embeddable":true,"href":"https:\/\/www.deporteseli.com\/index.php?rest_route=%2Fwp%2Fv2%2Fproduct_tag&post=39224"}],"curies":[{"name":"wp","href":"https:\/\/api.w.org\/{rel}","templated":true}]}}