{"id":39218,"date":"2026-01-27T18:26:38","date_gmt":"2026-01-27T18:26:38","guid":{"rendered":"https:\/\/www.deporteseli.com\/?product=gorra-beisbol-contorneado-logo"},"modified":"2026-01-27T18:26:42","modified_gmt":"2026-01-27T18:26:42","slug":"gorra-beisbol-contorneado-logo","status":"publish","type":"product","link":"https:\/\/www.deporteseli.com\/?product=gorra-beisbol-contorneado-logo","title":{"rendered":"GORRA B\u00e9ISBOL CONTORNEADO LOGO"},"content":{"rendered":"<p>L DEPORTE EST\u00c1 EN TI  Deja bien claro que te encanta el deporte. Con esta gorra con el logotipo de adidas en la parte frontal, no habr\u00e1 lugar a dudas. Solo tienes que decidir cu\u00e1ndo vas a pon\u00e9rtela. Ya sea en la playa, el parque o el centro de la ciudad, la visera curvada te protege del sol. Incorpora una cinta interior transpirable que mantiene la piel seca cuando el calor aumenta.    Este producto contiene al menos un 50% de materiales reciclados y renovables.  Sarga 100% algod\u00f3n  Visera curvada  Cierre ajustable en la nuca  Cinta interior en tejido transpirable  Color del art\u00edculo: Legend Ink \/ Blue Dawn \/ Grey Five  N\u00famero de art\u00edculo: IL4896                                                                                                                                                                                                                                                                                                                                                                                                                                                                                                                                                                                                                                                                                                                                                                                                                                                                                                                                                                                                                                        <\/p>\n","protected":false},"excerpt":{"rendered":"<p>GORRA B\u00e9ISBOL CONTORNEADO LOGO<\/p>\n","protected":false},"featured_media":53421,"template":"","meta":[],"product_brand":[],"product_cat":[399],"product_tag":[18],"class_list":{"0":"post-39218","1":"product","2":"type-product","3":"status-publish","4":"has-post-thumbnail","6":"product_cat-accesorios_gorras","7":"product_tag-adidas","8":"pa_color-unico","9":"pa_talla-l","10":"pa_talla-m","11":"pa_talla-s","12":"thunk-woo-product-list","13":"opn-qv-enable","14":"open-woo-hover-","15":"open-single-product-tab-horizontal","16":"open-shadow-","17":"open-shadow-hover-","19":"first","20":"instock","21":"shipping-taxable","22":"purchasable","23":"product-type-variable"},"jetpack_sharing_enabled":true,"_links":{"self":[{"href":"https:\/\/www.deporteseli.com\/index.php?rest_route=\/wp\/v2\/product\/39218","targetHints":{"allow":["GET"]}}],"collection":[{"href":"https:\/\/www.deporteseli.com\/index.php?rest_route=\/wp\/v2\/product"}],"about":[{"href":"https:\/\/www.deporteseli.com\/index.php?rest_route=\/wp\/v2\/types\/product"}],"wp:featuredmedia":[{"embeddable":true,"href":"https:\/\/www.deporteseli.com\/index.php?rest_route=\/wp\/v2\/media\/53421"}],"wp:attachment":[{"href":"https:\/\/www.deporteseli.com\/index.php?rest_route=%2Fwp%2Fv2%2Fmedia&parent=39218"}],"wp:term":[{"taxonomy":"product_brand","embeddable":true,"href":"https:\/\/www.deporteseli.com\/index.php?rest_route=%2Fwp%2Fv2%2Fproduct_brand&post=39218"},{"taxonomy":"product_cat","embeddable":true,"href":"https:\/\/www.deporteseli.com\/index.php?rest_route=%2Fwp%2Fv2%2Fproduct_cat&post=39218"},{"taxonomy":"product_tag","embeddable":true,"href":"https:\/\/www.deporteseli.com\/index.php?rest_route=%2Fwp%2Fv2%2Fproduct_tag&post=39218"}],"curies":[{"name":"wp","href":"https:\/\/api.w.org\/{rel}","templated":true}]}}