{"id":39210,"date":"2026-01-27T18:26:29","date_gmt":"2026-01-27T18:26:29","guid":{"rendered":"https:\/\/www.deporteseli.com\/?product=pant-adidas-hs5457-23"},"modified":"2026-03-07T05:32:29","modified_gmt":"2026-03-07T05:32:29","slug":"pant-adidas-hs5457-23","status":"publish","type":"product","link":"https:\/\/www.deporteseli.com\/?product=pant-adidas-hs5457-23","title":{"rendered":"PANT ADIDAS HS5457\/23"},"content":{"rendered":"<p>MALLAS DE RUNNING TRANSPIRABLES FABRICADAS EN PARTE CON MATERIALES RECICLADOS.  El tiempo de ejecuci\u00f3n es tiempo para tu cuerpo y tu mente. Estas mallas adidas para correr no te distraer\u00e1n y cuentan con total comodidad para aprovechar cada paso. Estos leggings de tiro alto est\u00e1n dise\u00f1ados con un cord\u00f3n ajustable para mayor soporte, y la tecnolog\u00eda AEROREADY te mantiene seco, c\u00f3modo y fresco durante toda la carrera. Fabricado con una gama de materiales reciclados y al menos un 70 % de contenido reciclado, este producto es una de nuestras soluciones para ayudar a acabar con los.Residuos pl\u00e1sticos.                                                                                                                                                                                                                                                                                                                                                                                                                                                                                                                                                                                                                                                                                                                                                                                                                                                                                                                                                                                                                                        <\/p>\n","protected":false},"excerpt":{"rendered":"<p>PANT ADIDAS HS5457\/23<\/p>\n","protected":false},"featured_media":53409,"template":"","meta":[],"product_brand":[],"product_cat":[281],"product_tag":[18],"class_list":{"0":"post-39210","1":"product","2":"type-product","3":"status-publish","4":"has-post-thumbnail","6":"product_cat-mujer_textil_mallas","7":"product_tag-adidas","8":"pa_color-unico","9":"pa_talla-l","10":"thunk-woo-product-list","11":"opn-qv-enable","12":"open-woo-hover-","13":"open-single-product-tab-horizontal","14":"open-shadow-","15":"open-shadow-hover-","17":"first","18":"instock","19":"shipping-taxable","20":"purchasable","21":"product-type-variable"},"jetpack_sharing_enabled":true,"_links":{"self":[{"href":"https:\/\/www.deporteseli.com\/index.php?rest_route=\/wp\/v2\/product\/39210","targetHints":{"allow":["GET"]}}],"collection":[{"href":"https:\/\/www.deporteseli.com\/index.php?rest_route=\/wp\/v2\/product"}],"about":[{"href":"https:\/\/www.deporteseli.com\/index.php?rest_route=\/wp\/v2\/types\/product"}],"wp:featuredmedia":[{"embeddable":true,"href":"https:\/\/www.deporteseli.com\/index.php?rest_route=\/wp\/v2\/media\/53409"}],"wp:attachment":[{"href":"https:\/\/www.deporteseli.com\/index.php?rest_route=%2Fwp%2Fv2%2Fmedia&parent=39210"}],"wp:term":[{"taxonomy":"product_brand","embeddable":true,"href":"https:\/\/www.deporteseli.com\/index.php?rest_route=%2Fwp%2Fv2%2Fproduct_brand&post=39210"},{"taxonomy":"product_cat","embeddable":true,"href":"https:\/\/www.deporteseli.com\/index.php?rest_route=%2Fwp%2Fv2%2Fproduct_cat&post=39210"},{"taxonomy":"product_tag","embeddable":true,"href":"https:\/\/www.deporteseli.com\/index.php?rest_route=%2Fwp%2Fv2%2Fproduct_tag&post=39210"}],"curies":[{"name":"wp","href":"https:\/\/api.w.org\/{rel}","templated":true}]}}