{"id":39204,"date":"2026-01-27T18:26:22","date_gmt":"2026-01-27T18:26:22","guid":{"rendered":"https:\/\/www.deporteseli.com\/?product=adidas-copa-pure3"},"modified":"2026-01-27T18:26:23","modified_gmt":"2026-01-27T18:26:23","slug":"adidas-copa-pure3","status":"publish","type":"product","link":"https:\/\/www.deporteseli.com\/?product=adidas-copa-pure3","title":{"rendered":"ADIDAS COPA PURE3"},"content":{"rendered":"<p>BOTAS COPA PURE.3 TURF  C\u00d3MODAS BOTAS DE PIEL PARA UN JUEGO IMPECABLE.  Recuerda por qu\u00e9 se llama el hermoso juego. adidas Copa Pure filtra el ruido con una comodidad absoluta y un toque impecable. F\u00e1ciles de calzar, estas botas de f\u00fatbol incluyen un suntuoso antepi\u00e9 de cuero acolchado para ayudarlo a mantener la pelota cerca. La suela exterior de goma con tacos se clava en el c\u00e9sped artificial para que te mantengas a la altura en la cancha.                                                                                                                                                                                                                                                                                                                                                                                                                                                                                                                                                                                                                                                                                                                                                                                                                                                                                                                                                                                                                                        <\/p>\n","protected":false},"excerpt":{"rendered":"<p>ADIDAS COPA PURE3<\/p>\n","protected":false},"featured_media":53402,"template":"","meta":[],"product_brand":[],"product_cat":[318],"product_tag":[18],"class_list":{"0":"post-39204","1":"product","2":"type-product","3":"status-publish","4":"has-post-thumbnail","6":"product_cat-deportes_futbol_botas","7":"product_tag-adidas","8":"pa_color-unico","9":"pa_talla-40-5","10":"thunk-woo-product-list","11":"opn-qv-enable","12":"open-woo-hover-","13":"open-single-product-tab-horizontal","14":"open-shadow-","15":"open-shadow-hover-","17":"first","18":"instock","19":"sale","20":"shipping-taxable","21":"purchasable","22":"product-type-variable"},"jetpack_sharing_enabled":true,"_links":{"self":[{"href":"https:\/\/www.deporteseli.com\/index.php?rest_route=\/wp\/v2\/product\/39204","targetHints":{"allow":["GET"]}}],"collection":[{"href":"https:\/\/www.deporteseli.com\/index.php?rest_route=\/wp\/v2\/product"}],"about":[{"href":"https:\/\/www.deporteseli.com\/index.php?rest_route=\/wp\/v2\/types\/product"}],"wp:featuredmedia":[{"embeddable":true,"href":"https:\/\/www.deporteseli.com\/index.php?rest_route=\/wp\/v2\/media\/53402"}],"wp:attachment":[{"href":"https:\/\/www.deporteseli.com\/index.php?rest_route=%2Fwp%2Fv2%2Fmedia&parent=39204"}],"wp:term":[{"taxonomy":"product_brand","embeddable":true,"href":"https:\/\/www.deporteseli.com\/index.php?rest_route=%2Fwp%2Fv2%2Fproduct_brand&post=39204"},{"taxonomy":"product_cat","embeddable":true,"href":"https:\/\/www.deporteseli.com\/index.php?rest_route=%2Fwp%2Fv2%2Fproduct_cat&post=39204"},{"taxonomy":"product_tag","embeddable":true,"href":"https:\/\/www.deporteseli.com\/index.php?rest_route=%2Fwp%2Fv2%2Fproduct_tag&post=39204"}],"curies":[{"name":"wp","href":"https:\/\/api.w.org\/{rel}","templated":true}]}}