{"id":39201,"date":"2026-01-27T18:26:18","date_gmt":"2026-01-27T18:26:18","guid":{"rendered":"https:\/\/www.deporteseli.com\/?product=gorra-adidas-ic9697"},"modified":"2026-02-16T07:46:31","modified_gmt":"2026-02-16T07:46:31","slug":"gorra-adidas-ic9697","status":"publish","type":"product","link":"https:\/\/www.deporteseli.com\/?product=gorra-adidas-ic9697","title":{"rendered":"GORRA ADIDAS IC9697"},"content":{"rendered":"<p>UNA GORRA DE B\u00c9ISBOL SUAVE HECHA EN PARTE CON UNA MEZCLA DE MATERIALES RECICLADOS Y RENOVABLES.  Una gorra cl\u00e1sica para tu colecci\u00f3n. Esta gorra de b\u00e9isbol de adidas combina bien con todo, desde ropa deportiva hasta atuendos informales. Tiene una corona curva y una visera para un ajuste ce\u00f1ido y protector facial. Confeccionado en algod\u00f3n con una banda absorbente para el sudor, se mantiene c\u00f3modo incluso en los d\u00edas m\u00e1s c\u00e1lidos. Un m\u00ednimo del 50% de este producto es una mezcla de materiales reciclados y renovables                                                                                                                                                                                                                                                                                                                                                                                                                                                                                                                                                                                                                                                                                                                                                                                                                                                                                                                                                                                                                                        <\/p>\n","protected":false},"excerpt":{"rendered":"<p>GORRA ADIDAS IC9697<\/p>\n","protected":false},"featured_media":53399,"template":"","meta":[],"product_brand":[],"product_cat":[399],"product_tag":[18],"class_list":{"0":"post-39201","1":"product","2":"type-product","3":"status-publish","4":"has-post-thumbnail","6":"product_cat-accesorios_gorras","7":"product_tag-adidas","8":"pa_color-unico","9":"pa_talla-l","10":"pa_talla-m","11":"thunk-woo-product-list","12":"opn-qv-enable","13":"open-woo-hover-","14":"open-single-product-tab-horizontal","15":"open-shadow-","16":"open-shadow-hover-","18":"first","19":"instock","20":"shipping-taxable","21":"purchasable","22":"product-type-variable"},"jetpack_sharing_enabled":true,"_links":{"self":[{"href":"https:\/\/www.deporteseli.com\/index.php?rest_route=\/wp\/v2\/product\/39201","targetHints":{"allow":["GET"]}}],"collection":[{"href":"https:\/\/www.deporteseli.com\/index.php?rest_route=\/wp\/v2\/product"}],"about":[{"href":"https:\/\/www.deporteseli.com\/index.php?rest_route=\/wp\/v2\/types\/product"}],"wp:featuredmedia":[{"embeddable":true,"href":"https:\/\/www.deporteseli.com\/index.php?rest_route=\/wp\/v2\/media\/53399"}],"wp:attachment":[{"href":"https:\/\/www.deporteseli.com\/index.php?rest_route=%2Fwp%2Fv2%2Fmedia&parent=39201"}],"wp:term":[{"taxonomy":"product_brand","embeddable":true,"href":"https:\/\/www.deporteseli.com\/index.php?rest_route=%2Fwp%2Fv2%2Fproduct_brand&post=39201"},{"taxonomy":"product_cat","embeddable":true,"href":"https:\/\/www.deporteseli.com\/index.php?rest_route=%2Fwp%2Fv2%2Fproduct_cat&post=39201"},{"taxonomy":"product_tag","embeddable":true,"href":"https:\/\/www.deporteseli.com\/index.php?rest_route=%2Fwp%2Fv2%2Fproduct_tag&post=39201"}],"curies":[{"name":"wp","href":"https:\/\/api.w.org\/{rel}","templated":true}]}}