{"id":39199,"date":"2026-01-27T18:26:16","date_gmt":"2026-01-27T18:26:16","guid":{"rendered":"https:\/\/www.deporteseli.com\/?product=rinonera-classic-foundation"},"modified":"2026-01-27T18:26:17","modified_gmt":"2026-01-27T18:26:17","slug":"rinonera-classic-foundation","status":"publish","type":"product","link":"https:\/\/www.deporteseli.com\/?product=rinonera-classic-foundation","title":{"rendered":"RI\u00f1ONERA CLASSIC FOUNDATION"},"content":{"rendered":"<p>ESTILO DEPORTIVO Y SOSTENIBLE  Esta ri\u00f1onera adidas presenta un dise\u00f1o ligero con cremallera que te permite guardar tus cosas de forma segura. La correa te ofrece un ajuste c\u00f3modo y a medida, ya sea para llevarla en la cintura o cruzada en tus paseos por la ciudad o las excursiones en la monta\u00f1a.    Este producto se ha fabricado con diferentes materiales t\u00e9cnicos y contiene al menos un 40% de material reciclado. Su objetivo es plantear otra soluci\u00f3n m\u00e1s que ayude a eliminar los residuos pl\u00e1sticos.  Dimensiones: 8,5 cm x 26 cm x 16,5 cm  Tejido t\u00e9cnico 100% poli\u00e9ster reciclado  Compartimento principal con cremallera  Correa ajustable con cierre de hebilla  Color del art\u00edculo: Black \/ White  N\u00famero de art\u00edculo: HT4777                                                                                                                                                                                                                                                                                                                                                                                                                                                                                                                                                                                                                                                                                                                                                                                                                                                                                                                                                                                                                                        <\/p>\n","protected":false},"excerpt":{"rendered":"<p>RI\u00f1ONERA CLASSIC FOUNDATION<\/p>\n","protected":false},"featured_media":53395,"template":"","meta":[],"product_brand":[],"product_cat":[410],"product_tag":[18],"class_list":{"0":"post-39199","1":"product","2":"type-product","3":"status-publish","4":"has-post-thumbnail","6":"product_cat-accesorios_rinoneras","7":"product_tag-adidas","8":"pa_color-unico","9":"pa_talla-unica","10":"thunk-woo-product-list","11":"opn-qv-enable","12":"open-woo-hover-","13":"open-single-product-tab-horizontal","14":"open-shadow-","15":"open-shadow-hover-","17":"first","18":"instock","19":"shipping-taxable","20":"purchasable","21":"product-type-variable"},"jetpack_sharing_enabled":true,"_links":{"self":[{"href":"https:\/\/www.deporteseli.com\/index.php?rest_route=\/wp\/v2\/product\/39199","targetHints":{"allow":["GET"]}}],"collection":[{"href":"https:\/\/www.deporteseli.com\/index.php?rest_route=\/wp\/v2\/product"}],"about":[{"href":"https:\/\/www.deporteseli.com\/index.php?rest_route=\/wp\/v2\/types\/product"}],"wp:featuredmedia":[{"embeddable":true,"href":"https:\/\/www.deporteseli.com\/index.php?rest_route=\/wp\/v2\/media\/53395"}],"wp:attachment":[{"href":"https:\/\/www.deporteseli.com\/index.php?rest_route=%2Fwp%2Fv2%2Fmedia&parent=39199"}],"wp:term":[{"taxonomy":"product_brand","embeddable":true,"href":"https:\/\/www.deporteseli.com\/index.php?rest_route=%2Fwp%2Fv2%2Fproduct_brand&post=39199"},{"taxonomy":"product_cat","embeddable":true,"href":"https:\/\/www.deporteseli.com\/index.php?rest_route=%2Fwp%2Fv2%2Fproduct_cat&post=39199"},{"taxonomy":"product_tag","embeddable":true,"href":"https:\/\/www.deporteseli.com\/index.php?rest_route=%2Fwp%2Fv2%2Fproduct_tag&post=39199"}],"curies":[{"name":"wp","href":"https:\/\/api.w.org\/{rel}","templated":true}]}}