{"id":39197,"date":"2026-01-27T18:26:13","date_gmt":"2026-01-27T18:26:13","guid":{"rendered":"https:\/\/www.deporteseli.com\/?product=zapatilla-advantage"},"modified":"2026-03-05T05:17:46","modified_gmt":"2026-03-05T05:17:46","slug":"zapatilla-advantage","status":"publish","type":"product","link":"https:\/\/www.deporteseli.com\/?product=zapatilla-advantage","title":{"rendered":"ZAPATILLA ADVANTAGE"},"content":{"rendered":"<p>LA ELEGANCIA DE LO CL\u00c1SICO  Esta zapatilla adidas inspirada en el estilo del tenis combina un look cl\u00e1sico con un confort excepcional. La parte superior suave se ajusta al pie y acompa\u00f1a su movimiento natural. Disfruta de una excelente tracci\u00f3n en cualquier superficie.    Este producto se ha fabricado con Primegreen, una combinaci\u00f3n de materiales reciclados de alto rendimiento. La mitad de la parte superior se ha confeccionado con materiales reciclados. No contiene poli\u00e9ster virgen.  Horma cl\u00e1sica  Cierre de cordones  Parte superior sint\u00e9tica  Forro textil  Tacto suave  Plantilla Cloudfoam Comfort para mayor comodidad  Suela de goma  Primegreen  Color del art\u00edculo: Core Black \/ Core Black \/ Grey Three  N\u00famero de art\u00edculo: GZ5301  Horma cl\u00e1sica  Cierre de cordones  Parte superior sint\u00e9tica  Forro textil  Tacto suave  Plantilla Cloudfoam Comfort para mayor comodidad  Suela de goma  Primegreen  Color del art\u00edculo: Core Black \/ Core Black \/ Grey Three  N\u00famero de art\u00edculo: GZ5301                                                                                                                                                                                                                                                                                                                                                                                                                                                                                                                                                                                                                                                                                                                                                                                                                                                                                                                                                                                                                                        <\/p>\n","protected":false},"excerpt":{"rendered":"<p>ZAPATILLA ADVANTAGE<\/p>\n","protected":false},"featured_media":53391,"template":"","meta":[],"product_brand":[],"product_cat":[261],"product_tag":[18],"class_list":{"0":"post-39197","1":"product","2":"type-product","3":"status-publish","4":"has-post-thumbnail","6":"product_cat-hombre_calzado_casual","7":"product_tag-adidas","8":"pa_color-unico","9":"pa_talla-157","10":"pa_talla-45-5","11":"thunk-woo-product-list","12":"opn-qv-enable","13":"open-woo-hover-","14":"open-single-product-tab-horizontal","15":"open-shadow-","16":"open-shadow-hover-","18":"first","19":"instock","20":"sale","21":"shipping-taxable","22":"purchasable","23":"product-type-variable"},"jetpack_sharing_enabled":true,"_links":{"self":[{"href":"https:\/\/www.deporteseli.com\/index.php?rest_route=\/wp\/v2\/product\/39197","targetHints":{"allow":["GET"]}}],"collection":[{"href":"https:\/\/www.deporteseli.com\/index.php?rest_route=\/wp\/v2\/product"}],"about":[{"href":"https:\/\/www.deporteseli.com\/index.php?rest_route=\/wp\/v2\/types\/product"}],"wp:featuredmedia":[{"embeddable":true,"href":"https:\/\/www.deporteseli.com\/index.php?rest_route=\/wp\/v2\/media\/53391"}],"wp:attachment":[{"href":"https:\/\/www.deporteseli.com\/index.php?rest_route=%2Fwp%2Fv2%2Fmedia&parent=39197"}],"wp:term":[{"taxonomy":"product_brand","embeddable":true,"href":"https:\/\/www.deporteseli.com\/index.php?rest_route=%2Fwp%2Fv2%2Fproduct_brand&post=39197"},{"taxonomy":"product_cat","embeddable":true,"href":"https:\/\/www.deporteseli.com\/index.php?rest_route=%2Fwp%2Fv2%2Fproduct_cat&post=39197"},{"taxonomy":"product_tag","embeddable":true,"href":"https:\/\/www.deporteseli.com\/index.php?rest_route=%2Fwp%2Fv2%2Fproduct_tag&post=39197"}],"curies":[{"name":"wp","href":"https:\/\/api.w.org\/{rel}","templated":true}]}}