{"id":39195,"date":"2026-01-27T18:26:11","date_gmt":"2026-01-27T18:26:11","guid":{"rendered":"https:\/\/www.deporteseli.com\/?product=overgrip-wilson-pro"},"modified":"2026-04-23T04:17:36","modified_gmt":"2026-04-23T04:17:36","slug":"overgrip-wilson-pro","status":"publish","type":"product","link":"https:\/\/www.deporteseli.com\/?product=overgrip-wilson-pro","title":{"rendered":"OVERGRIP WILSON PRO"},"content":{"rendered":"<p>Descripci\u00f3n  El Overgrip Wilson Pro es el favorito de muchos profesionales gracias a su fieltro delgado y el\u00e1stico que proporciona una sensaci\u00f3n extraordinaria. Este material resistente garantiza un rendimiento duradero en la pista. Con cinta adhesiva incluida para una f\u00e1cil aplicaci\u00f3n, este paquete de 60 empu\u00f1aduras es perfecto para jugadores que buscan mejorar su agarre y comodidad durante el juego.  Hazte con el tuyo y mejora tu juego!    Caracter\u00edsticas  Muchos profesionales del circuito profesional utilizan la Pro Overgrip  El fieltro delgado y el\u00e1stico proporciona una sensaci\u00f3n extraordinaria  Material resistente para un rendimiento duradero  Incluye cinta adhesiva para una f\u00e1cil aplicaci\u00f3n  Incluye 60 empu\u00f1aduras por paquete                                                                                                                                                                                                                                                                                                                                                                                                                                                                                                                                                                                                                                                                                                                                                                                                                                                                                                                                                                                                                                        <\/p>\n","protected":false},"excerpt":{"rendered":"<p>OVERGRIP WILSON PRO<\/p>\n","protected":false},"featured_media":53389,"template":"","meta":[],"product_brand":[],"product_cat":[357],"product_tag":[57],"class_list":{"0":"post-39195","1":"product","2":"type-product","3":"status-publish","4":"has-post-thumbnail","6":"product_cat-padel_y_tenis_overgrip","7":"product_tag-wilson","8":"pa_color-unico","9":"pa_talla-unica","10":"thunk-woo-product-list","11":"opn-qv-enable","12":"open-woo-hover-","13":"open-single-product-tab-horizontal","14":"open-shadow-","15":"open-shadow-hover-","17":"first","18":"instock","19":"shipping-taxable","20":"purchasable","21":"product-type-variable"},"jetpack_sharing_enabled":true,"_links":{"self":[{"href":"https:\/\/www.deporteseli.com\/index.php?rest_route=\/wp\/v2\/product\/39195","targetHints":{"allow":["GET"]}}],"collection":[{"href":"https:\/\/www.deporteseli.com\/index.php?rest_route=\/wp\/v2\/product"}],"about":[{"href":"https:\/\/www.deporteseli.com\/index.php?rest_route=\/wp\/v2\/types\/product"}],"wp:featuredmedia":[{"embeddable":true,"href":"https:\/\/www.deporteseli.com\/index.php?rest_route=\/wp\/v2\/media\/53389"}],"wp:attachment":[{"href":"https:\/\/www.deporteseli.com\/index.php?rest_route=%2Fwp%2Fv2%2Fmedia&parent=39195"}],"wp:term":[{"taxonomy":"product_brand","embeddable":true,"href":"https:\/\/www.deporteseli.com\/index.php?rest_route=%2Fwp%2Fv2%2Fproduct_brand&post=39195"},{"taxonomy":"product_cat","embeddable":true,"href":"https:\/\/www.deporteseli.com\/index.php?rest_route=%2Fwp%2Fv2%2Fproduct_cat&post=39195"},{"taxonomy":"product_tag","embeddable":true,"href":"https:\/\/www.deporteseli.com\/index.php?rest_route=%2Fwp%2Fv2%2Fproduct_tag&post=39195"}],"curies":[{"name":"wp","href":"https:\/\/api.w.org\/{rel}","templated":true}]}}