{"id":39191,"date":"2026-01-27T18:26:05","date_gmt":"2026-01-27T18:26:05","guid":{"rendered":"https:\/\/www.deporteseli.com\/?product=balon-futbol-adidas-ucl-23-24"},"modified":"2026-01-27T18:26:06","modified_gmt":"2026-01-27T18:26:06","slug":"balon-futbol-adidas-ucl-23-24","status":"publish","type":"product","link":"https:\/\/www.deporteseli.com\/?product=balon-futbol-adidas-ucl-23-24","title":{"rendered":"BAL\u00f3N F\u00faTBOL ADIDAS UCL 23\/24"},"content":{"rendered":"<p> Inspirado en el esf\u00e9rico oficial de la UEFA Champions League, este bal\u00f3n de f\u00fatbol adidas es perfecto para disputar partidillos gracias a su superficie cosida a m\u00e1quina y a su c\u00e1mara de butilo. Luce doce estrellas brillantes, la inscripci\u00f3n  The Champions  y unas discretas notas musicales.                                                                                                                                                                                                                                                                                                                                                                                                                                                                                                                                                                                                                                                                                                                                                                                                                                                                                                                                                                                                                                        <\/p>\n","protected":false},"excerpt":{"rendered":"<p>BAL\u00f3N F\u00faTBOL ADIDAS UCL 23\/24<\/p>\n","protected":false},"featured_media":53383,"template":"","meta":[],"product_brand":[],"product_cat":[347],"product_tag":[18],"class_list":{"0":"post-39191","1":"product","2":"type-product","3":"status-publish","4":"has-post-thumbnail","6":"product_cat-deportes_balones","7":"product_tag-adidas","8":"pa_color-unico","9":"pa_talla-169","10":"thunk-woo-product-list","11":"opn-qv-enable","12":"open-woo-hover-","13":"open-single-product-tab-horizontal","14":"open-shadow-","15":"open-shadow-hover-","17":"first","18":"instock","19":"shipping-taxable","20":"purchasable","21":"product-type-variable"},"jetpack_sharing_enabled":true,"_links":{"self":[{"href":"https:\/\/www.deporteseli.com\/index.php?rest_route=\/wp\/v2\/product\/39191","targetHints":{"allow":["GET"]}}],"collection":[{"href":"https:\/\/www.deporteseli.com\/index.php?rest_route=\/wp\/v2\/product"}],"about":[{"href":"https:\/\/www.deporteseli.com\/index.php?rest_route=\/wp\/v2\/types\/product"}],"wp:featuredmedia":[{"embeddable":true,"href":"https:\/\/www.deporteseli.com\/index.php?rest_route=\/wp\/v2\/media\/53383"}],"wp:attachment":[{"href":"https:\/\/www.deporteseli.com\/index.php?rest_route=%2Fwp%2Fv2%2Fmedia&parent=39191"}],"wp:term":[{"taxonomy":"product_brand","embeddable":true,"href":"https:\/\/www.deporteseli.com\/index.php?rest_route=%2Fwp%2Fv2%2Fproduct_brand&post=39191"},{"taxonomy":"product_cat","embeddable":true,"href":"https:\/\/www.deporteseli.com\/index.php?rest_route=%2Fwp%2Fv2%2Fproduct_cat&post=39191"},{"taxonomy":"product_tag","embeddable":true,"href":"https:\/\/www.deporteseli.com\/index.php?rest_route=%2Fwp%2Fv2%2Fproduct_tag&post=39191"}],"curies":[{"name":"wp","href":"https:\/\/api.w.org\/{rel}","templated":true}]}}